{"id":2357,"date":"2024-05-10T15:26:08","date_gmt":"2024-05-10T14:26:08","guid":{"rendered":"https:\/\/fnenterprise.it\/?page_id=2357"},"modified":"2024-06-21T15:45:58","modified_gmt":"2024-06-21T14:45:58","slug":"trasformazione-digitale","status":"publish","type":"page","link":"https:\/\/fnenterprise.it\/index.php\/trasformazione-digitale\/","title":{"rendered":"Trasformazione digitale"},"content":{"rendered":"\t\t<div data-elementor-type=\"wp-page\" data-elementor-id=\"2357\" class=\"elementor elementor-2357\" data-elementor-post-type=\"page\">\n\t\t\t\t\t\t<section class=\"elementor-section elementor-top-section elementor-element elementor-element-2f983007 elementor-section-height-min-height elementor-section-content-middle elementor-section-boxed elementor-section-height-default elementor-section-items-middle\" data-id=\"2f983007\" data-element_type=\"section\" data-e-type=\"section\" data-settings=\"{&quot;background_background&quot;:&quot;video&quot;,&quot;background_video_link&quot;:&quot;https:\\\/\\\/fnenterprise.it\\\/wp-content\\\/uploads\\\/2023\\\/11\\\/fgn-sito-loop-COMPRESS-1.mp4&quot;,&quot;background_play_on_mobile&quot;:&quot;yes&quot;}\">\n\t\t\t\t\t\t\t\t<div class=\"elementor-background-video-container\">\n\t\t\t\t\t\t\t\t\t\t\t\t\t<video class=\"elementor-background-video-hosted\" role=\"presentation\" autoplay muted playsinline loop><\/video>\n\t\t\t\t\t\t\t\t\t\t\t<\/div>\n\t\t\t\t\t\t\t\t\t<div class=\"elementor-background-overlay\"><\/div>\n\t\t\t\t\t\t\t<div class=\"elementor-container elementor-column-gap-default\">\n\t\t\t\t\t<div class=\"elementor-column elementor-col-100 elementor-top-column elementor-element elementor-element-7d381fef\" data-id=\"7d381fef\" data-element_type=\"column\" data-e-type=\"column\">\n\t\t\t<div class=\"elementor-widget-wrap elementor-element-populated\">\n\t\t\t\t\t\t<section class=\"elementor-section elementor-inner-section elementor-element elementor-element-4109bdcf elementor-section-full_width elementor-section-height-default elementor-section-height-default\" data-id=\"4109bdcf\" data-element_type=\"section\" data-e-type=\"section\">\n\t\t\t\t\t\t<div class=\"elementor-container elementor-column-gap-default\">\n\t\t\t\t\t<div class=\"elementor-column elementor-col-100 elementor-inner-column elementor-element elementor-element-17df9071 elementor-invisible\" data-id=\"17df9071\" data-element_type=\"column\" data-e-type=\"column\" data-settings=\"{&quot;animation&quot;:&quot;fadeInUp&quot;}\">\n\t\t\t<div class=\"elementor-widget-wrap elementor-element-populated\">\n\t\t\t\t\t\t<div class=\"elementor-element elementor-element-59d6ccbc animated-fast elementor-invisible elementor-widget elementor-widget-heading\" data-id=\"59d6ccbc\" data-element_type=\"widget\" data-e-type=\"widget\" data-settings=\"{&quot;_animation&quot;:&quot;fadeInUp&quot;}\" data-widget_type=\"heading.default\">\n\t\t\t\t<div class=\"elementor-widget-container\">\n\t\t\t\t\t<h1 class=\"elementor-heading-title elementor-size-default\">Trasformazione <a style=\"color:#29BAE0\">digitale<\/a>.<\/h1>\t\t\t\t<\/div>\n\t\t\t\t<\/div>\n\t\t\t\t<div class=\"elementor-element elementor-element-1cfe76a elementor-widget elementor-widget-text-editor\" data-id=\"1cfe76a\" data-element_type=\"widget\" data-e-type=\"widget\" data-widget_type=\"text-editor.default\">\n\t\t\t\t<div class=\"elementor-widget-container\">\n\t\t\t\t\t\t\t\t\t<p class=\"p1\">Viviamo in un&#8217;era definita dalla trasformazione digitale, una <b>rivoluzione tecnologica<\/b> che sta ridefinendo ogni aspetto del nostro vivere quotidiano e professionale.<\/p>\n<p class=\"p1\">L&#8217;avanzamento delle tecnologie digitali, la crescente connettivit\u00e0 globale e il miglioramento esponenziale delle capacit\u00e0 di elaborazione dati stanno aprendo <b>orizzonti<\/b> prima <b>inimmaginabili<\/b>.<\/p>\t\t\t\t\t\t\t\t<\/div>\n\t\t\t\t<\/div>\n\t\t\t\t\t<\/div>\n\t\t<\/div>\n\t\t\t\t\t<\/div>\n\t\t<\/section>\n\t\t\t\t\t<\/div>\n\t\t<\/div>\n\t\t\t\t\t<\/div>\n\t\t<\/section>\n\t\t\t\t<section class=\"elementor-section elementor-top-section elementor-element elementor-element-3bb6cb4b elementor-section-boxed elementor-section-height-default elementor-section-height-default\" data-id=\"3bb6cb4b\" data-element_type=\"section\" data-e-type=\"section\" data-settings=\"{&quot;background_background&quot;:&quot;video&quot;,&quot;background_video_link&quot;:&quot;http:\\\/\\\/fnenterprise.it\\\/wp-content\\\/uploads\\\/2023\\\/10\\\/white-wave-background-2021-09-03-21-33-58-utc-2.mp4&quot;,&quot;background_play_on_mobile&quot;:&quot;yes&quot;}\">\n\t\t\t\t\t\t\t\t<div class=\"elementor-background-video-container\">\n\t\t\t\t\t\t\t\t\t\t\t\t\t<video class=\"elementor-background-video-hosted\" role=\"presentation\" autoplay muted playsinline loop><\/video>\n\t\t\t\t\t\t\t\t\t\t\t<\/div>\n\t\t\t\t\t\t\t\t\t<div class=\"elementor-background-overlay\"><\/div>\n\t\t\t\t\t\t\t<div class=\"elementor-container elementor-column-gap-default\">\n\t\t\t\t\t<div class=\"elementor-column elementor-col-100 elementor-top-column elementor-element elementor-element-6676d55\" data-id=\"6676d55\" data-element_type=\"column\" data-e-type=\"column\">\n\t\t\t<div class=\"elementor-widget-wrap elementor-element-populated\">\n\t\t\t\t\t\t<section class=\"elementor-section elementor-inner-section elementor-element elementor-element-1c56e15c elementor-section-boxed elementor-section-height-default elementor-section-height-default\" data-id=\"1c56e15c\" data-element_type=\"section\" data-e-type=\"section\">\n\t\t\t\t\t\t<div class=\"elementor-container elementor-column-gap-default\">\n\t\t\t\t\t<div class=\"elementor-column elementor-col-100 elementor-inner-column elementor-element elementor-element-46ea6e0a elementor-invisible\" data-id=\"46ea6e0a\" data-element_type=\"column\" data-e-type=\"column\" data-settings=\"{&quot;animation&quot;:&quot;fadeInUp&quot;}\">\n\t\t\t<div class=\"elementor-widget-wrap elementor-element-populated\">\n\t\t\t\t\t\t<div class=\"elementor-element elementor-element-1ab61b11 elementor-widget elementor-widget-heading\" data-id=\"1ab61b11\" data-element_type=\"widget\" data-e-type=\"widget\" data-widget_type=\"heading.default\">\n\t\t\t\t<div class=\"elementor-widget-container\">\n\t\t\t\t\t<h6 class=\"elementor-heading-title elementor-size-default\">more than a trend<\/h6>\t\t\t\t<\/div>\n\t\t\t\t<\/div>\n\t\t\t\t<div class=\"elementor-element elementor-element-624b0ee8 elementor-widget elementor-widget-heading\" data-id=\"624b0ee8\" data-element_type=\"widget\" data-e-type=\"widget\" data-widget_type=\"heading.default\">\n\t\t\t\t<div class=\"elementor-widget-container\">\n\t\t\t\t\t<h2 class=\"elementor-heading-title elementor-size-default\">L'Importanza dell'<a style=\"color:#29BAE0\">Intelligenza Artificiale<\/a><\/h2>\t\t\t\t<\/div>\n\t\t\t\t<\/div>\n\t\t\t\t<div class=\"elementor-element elementor-element-2963b31c elementor-widget elementor-widget-text-editor\" data-id=\"2963b31c\" data-element_type=\"widget\" data-e-type=\"widget\" data-widget_type=\"text-editor.default\">\n\t\t\t\t<div class=\"elementor-widget-container\">\n\t\t\t\t\t\t\t\t\t<p class=\"p1\">Uno degli elementi pi\u00f9 trasformativi di questa <b>evoluzione digitale<\/b> \u00e8 l&#8217;intelligenza artificiale (IA). Questa tecnologia non \u00e8 pi\u00f9 confinata nei laboratori di ricerca o nei romanzi di fantascienza; \u00e8 diventata una <b>componente cruciale<\/b> del panorama tecnologico attuale. L&#8217;IA sta modellando <b>nuovi modi di lavorare<\/b>, di <b>prendere decisioni<\/b> e di interagire con il mondo.<\/p><p class=\"p1\">Le imprese che adottano l&#8217;intelligenza artificiale stanno scoprendo <b>vantaggi<\/b> significativi in termini di <b>efficienza<\/b>, <b>personalizzazione<\/b> dei servizi e capacit\u00e0 di <b>analisi<\/b>. Questo non solo migliora la produttivit\u00e0 ma apre anche <b>nuove opportunit\u00e0<\/b> di business. Integrare l&#8217;IA nelle operazioni aziendali non \u00e8 pi\u00f9 una scelta, ma una necessit\u00e0 per <b>rimanere competitivi<\/b> in un mercato sempre pi\u00f9 guidato dall&#8217;innovazione. Ignorare o respingere queste evoluzioni pu\u00f2 portare a conseguenze significative, come dimostrato da casi storici nel mondo aziendale.<\/p>\t\t\t\t\t\t\t\t<\/div>\n\t\t\t\t<\/div>\n\t\t\t\t\t<\/div>\n\t\t<\/div>\n\t\t\t\t\t<\/div>\n\t\t<\/section>\n\t\t\t\t<section class=\"elementor-section elementor-inner-section elementor-element elementor-element-44a3fbe6 elementor-section-boxed elementor-section-height-default elementor-section-height-default\" data-id=\"44a3fbe6\" data-element_type=\"section\" data-e-type=\"section\">\n\t\t\t\t\t\t<div class=\"elementor-container elementor-column-gap-default\">\n\t\t\t\t\t<div class=\"elementor-column elementor-col-100 elementor-inner-column elementor-element elementor-element-41745188 frostedglass elementor-invisible\" data-id=\"41745188\" data-element_type=\"column\" data-e-type=\"column\" data-settings=\"{&quot;background_background&quot;:&quot;classic&quot;,&quot;animation&quot;:&quot;fadeIn&quot;,&quot;background_motion_fx_motion_fx_mouse&quot;:&quot;yes&quot;,&quot;animation_delay&quot;:200}\">\n\t\t\t<div class=\"elementor-widget-wrap elementor-element-populated\">\n\t\t\t\t\t<div class=\"elementor-background-overlay\"><\/div>\n\t\t\t\t\t\t<div class=\"elementor-element elementor-element-497d53a3 elementor-widget elementor-widget-heading\" data-id=\"497d53a3\" data-element_type=\"widget\" data-e-type=\"widget\" data-widget_type=\"heading.default\">\n\t\t\t\t<div class=\"elementor-widget-container\">\n\t\t\t\t\t<h2 class=\"elementor-heading-title elementor-size-default\">La <a style=\"color:#29BAE0\"> lezione storica<\/a> dell'Innovazione Tecnologica\n<\/h2>\t\t\t\t<\/div>\n\t\t\t\t<\/div>\n\t\t\t\t<div class=\"elementor-element elementor-element-5857eb62 elementor-widget elementor-widget-text-editor\" data-id=\"5857eb62\" data-element_type=\"widget\" data-e-type=\"widget\" data-widget_type=\"text-editor.default\">\n\t\t\t\t<div class=\"elementor-widget-container\">\n\t\t\t\t\t\t\t\t\t<p class=\"p1\">Esempi notevoli di <strong>aziende che hanno fallito<\/strong> nell&#8217;adattarsi ai cambiamenti tecnologici includono <strong>Kodak e BlackBerry<\/strong>. Kodak, un tempo leader nel settore della fotografia, ha esitato a abbracciare la fotografia digitale nonostante avesse le competenze e le risorse per farlo. Questo ritardo ha permesso ad altri di dominare il mercato che Kodak aveva un tempo guidato, portando alla sua quasi totale obsolescenza.<\/p>\t\t\t\t\t\t\t\t<\/div>\n\t\t\t\t<\/div>\n\t\t\t\t<div class=\"elementor-element elementor-element-7f58780 elementor-widget elementor-widget-text-editor\" data-id=\"7f58780\" data-element_type=\"widget\" data-e-type=\"widget\" data-widget_type=\"text-editor.default\">\n\t\t\t\t<div class=\"elementor-widget-container\">\n\t\t\t\t\t\t\t\t\t<p class=\"p1\">Nel caso di BlackBerry, un tempo leader indiscusso nel settore degli smartphone, l&#8217;azienda ha fallito nel prevedere l&#8217;importanza degli smartphone basati su un&#8217;ampia disponibilit\u00e0 di app e un&#8217;interfaccia utente intuitiva. Questo ha permesso a concorrenti come Apple e Android di conquistare rapidamente quote di mercato, riducendo BlackBerry a una nicchia di mercato.<\/p>\t\t\t\t\t\t\t\t<\/div>\n\t\t\t\t<\/div>\n\t\t\t\t\t<\/div>\n\t\t<\/div>\n\t\t\t\t\t<\/div>\n\t\t<\/section>\n\t\t\t\t<div class=\"elementor-element elementor-element-56ebce21 elementor-widget elementor-widget-spacer\" data-id=\"56ebce21\" data-element_type=\"widget\" data-e-type=\"widget\" data-widget_type=\"spacer.default\">\n\t\t\t\t<div class=\"elementor-widget-container\">\n\t\t\t\t\t\t\t<div class=\"elementor-spacer\">\n\t\t\t<div class=\"elementor-spacer-inner\"><\/div>\n\t\t<\/div>\n\t\t\t\t\t\t<\/div>\n\t\t\t\t<\/div>\n\t\t\t\t\t<\/div>\n\t\t<\/div>\n\t\t\t\t\t<\/div>\n\t\t<\/section>\n\t\t\t\t<section class=\"elementor-section elementor-top-section elementor-element elementor-element-a543a32 elementor-section-boxed elementor-section-height-default elementor-section-height-default\" data-id=\"a543a32\" data-element_type=\"section\" data-e-type=\"section\" data-settings=\"{&quot;background_background&quot;:&quot;classic&quot;}\">\n\t\t\t\t\t\t\t<div class=\"elementor-background-overlay\"><\/div>\n\t\t\t\t\t\t\t<div class=\"elementor-container elementor-column-gap-default\">\n\t\t\t\t\t<div class=\"elementor-column elementor-col-100 elementor-top-column elementor-element elementor-element-52a05c4\" data-id=\"52a05c4\" data-element_type=\"column\" data-e-type=\"column\">\n\t\t\t<div class=\"elementor-widget-wrap elementor-element-populated\">\n\t\t\t\t\t\t<section class=\"elementor-section elementor-inner-section elementor-element elementor-element-9a2ca0d elementor-section-boxed elementor-section-height-default elementor-section-height-default\" data-id=\"9a2ca0d\" data-element_type=\"section\" data-e-type=\"section\">\n\t\t\t\t\t\t<div class=\"elementor-container elementor-column-gap-default\">\n\t\t\t\t\t<div class=\"elementor-column elementor-col-100 elementor-inner-column elementor-element elementor-element-5a18df2 elementor-invisible\" data-id=\"5a18df2\" data-element_type=\"column\" data-e-type=\"column\" data-settings=\"{&quot;animation&quot;:&quot;fadeInUp&quot;}\">\n\t\t\t<div class=\"elementor-widget-wrap elementor-element-populated\">\n\t\t\t\t\t\t<div class=\"elementor-element elementor-element-4898db1 elementor-widget elementor-widget-heading\" data-id=\"4898db1\" data-element_type=\"widget\" data-e-type=\"widget\" data-widget_type=\"heading.default\">\n\t\t\t\t<div class=\"elementor-widget-container\">\n\t\t\t\t\t<h6 class=\"elementor-heading-title elementor-size-default\">qualche esempio<\/h6>\t\t\t\t<\/div>\n\t\t\t\t<\/div>\n\t\t\t\t<div class=\"elementor-element elementor-element-418ccca elementor-widget elementor-widget-heading\" data-id=\"418ccca\" data-element_type=\"widget\" data-e-type=\"widget\" data-widget_type=\"heading.default\">\n\t\t\t\t<div class=\"elementor-widget-container\">\n\t\t\t\t\t<h2 class=\"elementor-heading-title elementor-size-default\">Alcuni casi illustri di  <a style=\"color:#29BAE0\">successo<\/a>  con l'Intelligenza Artificiale<\/h2>\t\t\t\t<\/div>\n\t\t\t\t<\/div>\n\t\t\t\t\t<\/div>\n\t\t<\/div>\n\t\t\t\t\t<\/div>\n\t\t<\/section>\n\t\t\t\t<section class=\"elementor-section elementor-inner-section elementor-element elementor-element-612244d elementor-section-boxed elementor-section-height-default elementor-section-height-default\" data-id=\"612244d\" data-element_type=\"section\" data-e-type=\"section\">\n\t\t\t\t\t\t<div class=\"elementor-container elementor-column-gap-default\">\n\t\t\t\t\t<div class=\"elementor-column elementor-col-33 elementor-inner-column elementor-element elementor-element-41a388c elementor-invisible\" data-id=\"41a388c\" data-element_type=\"column\" data-e-type=\"column\" data-settings=\"{&quot;background_background&quot;:&quot;classic&quot;,&quot;animation&quot;:&quot;fadeInDown&quot;}\">\n\t\t\t<div class=\"elementor-widget-wrap elementor-element-populated\">\n\t\t\t\t\t\t<div class=\"elementor-element elementor-element-4bc42e8 elementor-absolute elementor-invisible elementor-widget elementor-widget-image\" data-id=\"4bc42e8\" data-element_type=\"widget\" data-e-type=\"widget\" data-settings=\"{&quot;_position&quot;:&quot;absolute&quot;,&quot;motion_fx_motion_fx_mouse&quot;:&quot;yes&quot;,&quot;motion_fx_mouseTrack_effect&quot;:&quot;yes&quot;,&quot;motion_fx_mouseTrack_speed&quot;:{&quot;unit&quot;:&quot;px&quot;,&quot;size&quot;:0.3,&quot;sizes&quot;:[]},&quot;motion_fx_tilt_effect&quot;:&quot;yes&quot;,&quot;motion_fx_tilt_speed&quot;:{&quot;unit&quot;:&quot;px&quot;,&quot;size&quot;:0.8,&quot;sizes&quot;:[]},&quot;_animation&quot;:&quot;fadeInDown&quot;,&quot;_animation_delay&quot;:300}\" data-widget_type=\"image.default\">\n\t\t\t\t<div class=\"elementor-widget-container\">\n\t\t\t\t\t\t\t\t\t\t\t\t\t\t\t<img fetchpriority=\"high\" decoding=\"async\" width=\"677\" height=\"1024\" src=\"https:\/\/fnenterprise.it\/wp-content\/uploads\/2024\/05\/scacco-677x1024.webp\" class=\"attachment-large size-large wp-image-2613\" alt=\"\" srcset=\"https:\/\/fnenterprise.it\/wp-content\/uploads\/2024\/05\/scacco-677x1024.webp 677w, https:\/\/fnenterprise.it\/wp-content\/uploads\/2024\/05\/scacco-198x300.webp 198w, https:\/\/fnenterprise.it\/wp-content\/uploads\/2024\/05\/scacco-768x1162.webp 768w, https:\/\/fnenterprise.it\/wp-content\/uploads\/2024\/05\/scacco-1015x1536.webp 1015w, https:\/\/fnenterprise.it\/wp-content\/uploads\/2024\/05\/scacco.webp 1140w\" sizes=\"(max-width: 677px) 100vw, 677px\" \/>\t\t\t\t\t\t\t\t\t\t\t\t\t\t\t<\/div>\n\t\t\t\t<\/div>\n\t\t\t\t<div class=\"elementor-element elementor-element-50c73ae elementor-widget elementor-widget-icon-box\" data-id=\"50c73ae\" data-element_type=\"widget\" data-e-type=\"widget\" data-widget_type=\"icon-box.default\">\n\t\t\t\t<div class=\"elementor-widget-container\">\n\t\t\t\t\t\t\t<div class=\"elementor-icon-box-wrapper\">\n\n\t\t\t\n\t\t\t\t\t\t<div class=\"elementor-icon-box-content\">\n\n\t\t\t\t\t\t\t\t\t<div class=\"elementor-icon-box-title\">\n\t\t\t\t\t\t<span  >\n\t\t\t\t\t\t\tAmazon\t\t\t\t\t\t<\/span>\n\t\t\t\t\t<\/div>\n\t\t\t\t\n\t\t\t\t\t\t\t\t\t<p class=\"elementor-icon-box-description\">\n\t\t\t\t\t\tAmazon ha utilizzato l'intelligenza artificiale per <b>rivoluzionare il concetto di shopping online<\/b>, personalizzando le raccomandazioni di prodotti in modo cos\u00ec accurato da aumentare significativamente le vendite per mezzo del cross-selling e dell'upselling.\t\t\t\t\t<\/p>\n\t\t\t\t\n\t\t\t<\/div>\n\t\t\t\n\t\t<\/div>\n\t\t\t\t\t\t<\/div>\n\t\t\t\t<\/div>\n\t\t\t\t\t<\/div>\n\t\t<\/div>\n\t\t\t\t<div class=\"elementor-column elementor-col-33 elementor-inner-column elementor-element elementor-element-4ef6cab elementor-invisible\" data-id=\"4ef6cab\" data-element_type=\"column\" data-e-type=\"column\" data-settings=\"{&quot;background_background&quot;:&quot;classic&quot;,&quot;animation&quot;:&quot;fadeInDown&quot;}\">\n\t\t\t<div class=\"elementor-widget-wrap elementor-element-populated\">\n\t\t\t\t\t<div class=\"elementor-background-overlay\"><\/div>\n\t\t\t\t\t\t<div class=\"elementor-element elementor-element-ce01a5a elementor-widget elementor-widget-icon-box\" data-id=\"ce01a5a\" data-element_type=\"widget\" data-e-type=\"widget\" data-widget_type=\"icon-box.default\">\n\t\t\t\t<div class=\"elementor-widget-container\">\n\t\t\t\t\t\t\t<div class=\"elementor-icon-box-wrapper\">\n\n\t\t\t\n\t\t\t\t\t\t<div class=\"elementor-icon-box-content\">\n\n\t\t\t\t\t\t\t\t\t<div class=\"elementor-icon-box-title\">\n\t\t\t\t\t\t<span  >\n\t\t\t\t\t\t\tTesla\t\t\t\t\t\t<\/span>\n\t\t\t\t\t<\/div>\n\t\t\t\t\n\t\t\t\t\t\t\t\t\t<p class=\"elementor-icon-box-description\">\n\t\t\t\t\t\tTesla sfrutta l'IA nelle sue automobili per <b>potenziare il sistema di guida autonoma<\/b>, migliorando continuamente attraverso <b>l'apprendimento automatico<\/b> da enormi quantit\u00e0 di dati raccolti dai suoi veicoli in uso in tutto il mondo. <br>\nQuesti esempi mostrano come l'adozione intelligente e strategica dell'intelligenza artificiale pu\u00f2 offrire vantaggi significativi, trasformando industrie intere e definendo nuovi standard di successo e innovazione. L'importanza di abbracciare l'IA, quindi, non pu\u00f2 essere sottovalutata per qualsiasi attivit\u00e0 professionale che mira a prosperare nell'era digitale.\n\t\t\t\t\t<\/p>\n\t\t\t\t\n\t\t\t<\/div>\n\t\t\t\n\t\t<\/div>\n\t\t\t\t\t\t<\/div>\n\t\t\t\t<\/div>\n\t\t\t\t\t<\/div>\n\t\t<\/div>\n\t\t\t\t<div class=\"elementor-column elementor-col-33 elementor-inner-column elementor-element elementor-element-fc8024f elementor-invisible\" data-id=\"fc8024f\" data-element_type=\"column\" data-e-type=\"column\" data-settings=\"{&quot;background_background&quot;:&quot;classic&quot;,&quot;animation&quot;:&quot;fadeInDown&quot;}\">\n\t\t\t<div class=\"elementor-widget-wrap elementor-element-populated\">\n\t\t\t\t\t\t<div class=\"elementor-element elementor-element-2f72043 elementor-widget elementor-widget-icon-box\" data-id=\"2f72043\" data-element_type=\"widget\" data-e-type=\"widget\" data-widget_type=\"icon-box.default\">\n\t\t\t\t<div class=\"elementor-widget-container\">\n\t\t\t\t\t\t\t<div class=\"elementor-icon-box-wrapper\">\n\n\t\t\t\n\t\t\t\t\t\t<div class=\"elementor-icon-box-content\">\n\n\t\t\t\t\t\t\t\t\t<div class=\"elementor-icon-box-title\">\n\t\t\t\t\t\t<span  >\n\t\t\t\t\t\t\tNetflix\t\t\t\t\t\t<\/span>\n\t\t\t\t\t<\/div>\n\t\t\t\t\n\t\t\t\t\t\t\t\t\t<p class=\"elementor-icon-box-description\">\n\t\t\t\t\t\tNetflix impiega algoritmi di intelligenza artificiale per <b>analizzare le preferenze<\/b> degli utenti e perfezionare le sue raccomandazioni, <b>migliorando l'engagement e la soddisfazione<\/b> del cliente, riducendo al contempo il tasso di disabbonamento.\t\t\t\t\t<\/p>\n\t\t\t\t\n\t\t\t<\/div>\n\t\t\t\n\t\t<\/div>\n\t\t\t\t\t\t<\/div>\n\t\t\t\t<\/div>\n\t\t\t\t\t<\/div>\n\t\t<\/div>\n\t\t\t\t\t<\/div>\n\t\t<\/section>\n\t\t\t\t\t<\/div>\n\t\t<\/div>\n\t\t\t\t\t<\/div>\n\t\t<\/section>\n\t\t\t\t<section class=\"elementor-section elementor-top-section elementor-element elementor-element-88cce5a elementor-section-boxed elementor-section-height-default elementor-section-height-default\" data-id=\"88cce5a\" data-element_type=\"section\" data-e-type=\"section\">\n\t\t\t\t\t\t<div class=\"elementor-container elementor-column-gap-default\">\n\t\t\t\t\t<div class=\"elementor-column elementor-col-100 elementor-top-column elementor-element elementor-element-193368ed\" data-id=\"193368ed\" data-element_type=\"column\" data-e-type=\"column\">\n\t\t\t<div class=\"elementor-widget-wrap elementor-element-populated\">\n\t\t\t\t\t\t<section class=\"elementor-section elementor-inner-section elementor-element elementor-element-12004cdb elementor-section-content-middle elementor-section-boxed elementor-section-height-default elementor-section-height-default\" data-id=\"12004cdb\" data-element_type=\"section\" data-e-type=\"section\" data-settings=\"{&quot;background_background&quot;:&quot;classic&quot;}\">\n\t\t\t\t\t\t\t<div class=\"elementor-background-overlay\"><\/div>\n\t\t\t\t\t\t\t<div class=\"elementor-container elementor-column-gap-default\">\n\t\t\t\t\t<div class=\"elementor-column elementor-col-50 elementor-inner-column elementor-element elementor-element-70fde05c\" data-id=\"70fde05c\" data-element_type=\"column\" data-e-type=\"column\">\n\t\t\t<div class=\"elementor-widget-wrap elementor-element-populated\">\n\t\t\t\t\t\t<div class=\"elementor-element elementor-element-3081ff7a elementor-widget elementor-widget-heading\" data-id=\"3081ff7a\" data-element_type=\"widget\" data-e-type=\"widget\" data-widget_type=\"heading.default\">\n\t\t\t\t<div class=\"elementor-widget-container\">\n\t\t\t\t\t<div class=\"elementor-heading-title elementor-size-default\">Unitevi a noi!<\/div>\t\t\t\t<\/div>\n\t\t\t\t<\/div>\n\t\t\t\t<div class=\"elementor-element elementor-element-323dbaa elementor-widget elementor-widget-text-editor\" data-id=\"323dbaa\" data-element_type=\"widget\" data-e-type=\"widget\" data-widget_type=\"text-editor.default\">\n\t\t\t\t<div class=\"elementor-widget-container\">\n\t\t\t\t\t\t\t\t\t<p class=\"p1\">Scegliere FN Enterprise significa optare per un partner che pone la tecnologia al servizio della professione, liberando risorse preziose e incrementando le possibilit\u00e0 di successo. Contattateci per scoprire come le nostre soluzioni possono trasformare la vostra attivit\u00e0 professionale.<\/p>\t\t\t\t\t\t\t\t<\/div>\n\t\t\t\t<\/div>\n\t\t\t\t<div class=\"elementor-element elementor-element-5fd33498 elementor-align-left elementor-mobile-align-center elementor-widget elementor-widget-button\" data-id=\"5fd33498\" data-element_type=\"widget\" data-e-type=\"widget\" data-widget_type=\"button.default\">\n\t\t\t\t<div class=\"elementor-widget-container\">\n\t\t\t\t\t\t\t\t\t<div class=\"elementor-button-wrapper\">\n\t\t\t\t\t<a class=\"elementor-button elementor-button-link elementor-size-md\" href=\"https:\/\/fnenterprise.it\/index.php\/contatti\/\">\n\t\t\t\t\t\t<span class=\"elementor-button-content-wrapper\">\n\t\t\t\t\t\t\t\t\t<span class=\"elementor-button-text\">Contattaci<\/span>\n\t\t\t\t\t<\/span>\n\t\t\t\t\t<\/a>\n\t\t\t\t<\/div>\n\t\t\t\t\t\t\t\t<\/div>\n\t\t\t\t<\/div>\n\t\t\t\t\t<\/div>\n\t\t<\/div>\n\t\t\t\t<div class=\"elementor-column elementor-col-50 elementor-inner-column elementor-element elementor-element-1201c1e3\" data-id=\"1201c1e3\" data-element_type=\"column\" data-e-type=\"column\">\n\t\t\t<div class=\"elementor-widget-wrap elementor-element-populated\">\n\t\t\t\t\t\t<div class=\"elementor-element elementor-element-6b58e7d6 elementor-widget elementor-widget-image\" data-id=\"6b58e7d6\" data-element_type=\"widget\" data-e-type=\"widget\" data-widget_type=\"image.default\">\n\t\t\t\t<div class=\"elementor-widget-container\">\n\t\t\t\t\t\t\t\t\t\t\t\t\t\t\t<img decoding=\"async\" width=\"449\" height=\"556\" src=\"https:\/\/fnenterprise.it\/wp-content\/uploads\/2024\/06\/IMG_4448-removebg-preview.png\" class=\"attachment-full size-full wp-image-2991\" alt=\"\" srcset=\"https:\/\/fnenterprise.it\/wp-content\/uploads\/2024\/06\/IMG_4448-removebg-preview.png 449w, https:\/\/fnenterprise.it\/wp-content\/uploads\/2024\/06\/IMG_4448-removebg-preview-242x300.png 242w\" sizes=\"(max-width: 449px) 100vw, 449px\" \/>\t\t\t\t\t\t\t\t\t\t\t\t\t\t\t<\/div>\n\t\t\t\t<\/div>\n\t\t\t\t\t<\/div>\n\t\t<\/div>\n\t\t\t\t\t<\/div>\n\t\t<\/section>\n\t\t\t\t\t<\/div>\n\t\t<\/div>\n\t\t\t\t\t<\/div>\n\t\t<\/section>\n\t\t\t\t<\/div>\n\t\t","protected":false},"excerpt":{"rendered":"<p>Trasformazione digitale. Viviamo in un&#8217;era definita dalla trasformazione digitale, una rivoluzione tecnologica che sta ridefinendo ogni aspetto del nostro vivere quotidiano e professionale. L&#8217;avanzamento delle tecnologie digitali, la crescente connettivit\u00e0 globale e il miglioramento esponenziale delle capacit\u00e0 di elaborazione dati stanno aprendo orizzonti prima inimmaginabili. more than a trend L&#8217;Importanza dell&#8217;Intelligenza Artificiale Uno degli elementi [&hellip;]<\/p>\n","protected":false},"author":1,"featured_media":0,"parent":0,"menu_order":0,"comment_status":"closed","ping_status":"closed","template":"","meta":{"footnotes":""},"class_list":["post-2357","page","type-page","status-publish","hentry"],"_links":{"self":[{"href":"https:\/\/fnenterprise.it\/index.php\/wp-json\/wp\/v2\/pages\/2357","targetHints":{"allow":["GET"]}}],"collection":[{"href":"https:\/\/fnenterprise.it\/index.php\/wp-json\/wp\/v2\/pages"}],"about":[{"href":"https:\/\/fnenterprise.it\/index.php\/wp-json\/wp\/v2\/types\/page"}],"author":[{"embeddable":true,"href":"https:\/\/fnenterprise.it\/index.php\/wp-json\/wp\/v2\/users\/1"}],"replies":[{"embeddable":true,"href":"https:\/\/fnenterprise.it\/index.php\/wp-json\/wp\/v2\/comments?post=2357"}],"version-history":[{"count":94,"href":"https:\/\/fnenterprise.it\/index.php\/wp-json\/wp\/v2\/pages\/2357\/revisions"}],"predecessor-version":[{"id":3056,"href":"https:\/\/fnenterprise.it\/index.php\/wp-json\/wp\/v2\/pages\/2357\/revisions\/3056"}],"wp:attachment":[{"href":"https:\/\/fnenterprise.it\/index.php\/wp-json\/wp\/v2\/media?parent=2357"}],"curies":[{"name":"wp","href":"https:\/\/api.w.org\/{rel}","templated":true}]}}