{"id":1720,"date":"2023-12-04T10:24:10","date_gmt":"2023-12-04T10:24:10","guid":{"rendered":"https:\/\/fnenterprise.it\/?page_id=1720"},"modified":"2023-12-04T10:43:39","modified_gmt":"2023-12-04T10:43:39","slug":"digital-box","status":"publish","type":"page","link":"https:\/\/fnenterprise.it\/index.php\/digital-box\/","title":{"rendered":"Digital Box"},"content":{"rendered":"\t\t<div data-elementor-type=\"wp-page\" data-elementor-id=\"1720\" class=\"elementor elementor-1720\" data-elementor-post-type=\"page\">\n\t\t\t\t\t\t<section class=\"elementor-section elementor-top-section elementor-element elementor-element-5f2c2258 elementor-section-content-middle elementor-section-boxed elementor-section-height-default elementor-section-height-default\" data-id=\"5f2c2258\" data-element_type=\"section\" data-e-type=\"section\" data-settings=\"{&quot;background_background&quot;:&quot;video&quot;}\">\n\t\t\t\t\t\t<div class=\"elementor-container elementor-column-gap-default\">\n\t\t\t\t\t<div class=\"elementor-column elementor-col-50 elementor-top-column elementor-element elementor-element-1b16ea58 elementor-invisible\" data-id=\"1b16ea58\" data-element_type=\"column\" data-e-type=\"column\" data-settings=\"{&quot;animation&quot;:&quot;fadeInLeft&quot;}\">\n\t\t\t<div class=\"elementor-widget-wrap elementor-element-populated\">\n\t\t\t\t\t\t<div class=\"elementor-element elementor-element-13430aab elementor-widget elementor-widget-heading\" data-id=\"13430aab\" data-element_type=\"widget\" data-e-type=\"widget\" data-widget_type=\"heading.default\">\n\t\t\t\t<div class=\"elementor-widget-container\">\n\t\t\t\t\t<h6 class=\"elementor-heading-title elementor-size-default\">Soluzioni digitali<\/h6>\t\t\t\t<\/div>\n\t\t\t\t<\/div>\n\t\t\t\t<div class=\"elementor-element elementor-element-36eded38 elementor-widget elementor-widget-heading\" data-id=\"36eded38\" data-element_type=\"widget\" data-e-type=\"widget\" data-widget_type=\"heading.default\">\n\t\t\t\t<div class=\"elementor-widget-container\">\n\t\t\t\t\t<h2 class=\"elementor-heading-title elementor-size-default\"><a style=\"color:#29BAE0\">TeamSystem Digital Box<\/a>: lo strumento di collaboration digitale per una condivisione di informazioni puntuale tra studio e clienti<\/h2>\t\t\t\t<\/div>\n\t\t\t\t<\/div>\n\t\t\t\t<div class=\"elementor-element elementor-element-3ad3d00c elementor-widget elementor-widget-text-editor\" data-id=\"3ad3d00c\" data-element_type=\"widget\" data-e-type=\"widget\" data-widget_type=\"text-editor.default\">\n\t\t\t\t<div class=\"elementor-widget-container\">\n\t\t\t\t\t\t\t\t\t<section class=\"section text section--light _loaded\" data-module=\"text\" data-component-id=\"12734\"><div class=\"section__wrapper\"><div class=\"container\"><div class=\"row\"><div class=\"col-sm-10 offset-sm-1\"><div class=\"content\"><div class=\"text\"><p>TeamSystem Digital Box \u00e8 l&#8217;estensione del gestionale di Studio che consente ai professionisti di\u00a0<strong>ottimizzare il rapporto con i clienti<\/strong>, grazie a una collaborazione digitale e costante. Questo\u00a0<strong>software in Cloud<\/strong>\u00a0si prefigura come un\u2019applicazione online\u00a0<strong>accessibile da remoto<\/strong>\u00a0tramite web, smartphone e tablet. Con TeamSystem Digital Box \u00e8 possibile\u00a0<strong>condividere in modo bidirezionale<\/strong>\u00a0documenti, informazioni, KPI e scadenze rapidamente e in tutta sicurezza. Per il professionista sar\u00e0 pi\u00f9 semplice e veloce inviare documenti e fatture al cliente, creare un fascicolo, controllare la una scheda cliente, gestire le scadenze fiscali e previdenziali e analizzare costantemente KPI e business performance.<\/p><\/div><\/div><\/div><\/div><\/div><\/div><\/section><section class=\"section section--listing columns section--color _loaded\" data-module=\"columns\" data-component-id=\"12736\"><\/section>\t\t\t\t\t\t\t\t<\/div>\n\t\t\t\t<\/div>\n\t\t\t\t<div class=\"elementor-element elementor-element-4f023f58 elementor-align-left elementor-mobile-align-center elementor-widget elementor-widget-button\" data-id=\"4f023f58\" data-element_type=\"widget\" data-e-type=\"widget\" data-widget_type=\"button.default\">\n\t\t\t\t<div class=\"elementor-widget-container\">\n\t\t\t\t\t\t\t\t\t<div class=\"elementor-button-wrapper\">\n\t\t\t\t\t<a class=\"elementor-button elementor-button-link elementor-size-md\" href=\"https:\/\/www.teamsystem.com\/downloads\/12733\/461\/TS_BROCHURE_Digital_Box_2022_gen.pdf\">\n\t\t\t\t\t\t<span class=\"elementor-button-content-wrapper\">\n\t\t\t\t\t\t\t\t\t<span class=\"elementor-button-text\">Scarica la scheda<\/span>\n\t\t\t\t\t<\/span>\n\t\t\t\t\t<\/a>\n\t\t\t\t<\/div>\n\t\t\t\t\t\t\t\t<\/div>\n\t\t\t\t<\/div>\n\t\t\t\t\t<\/div>\n\t\t<\/div>\n\t\t\t\t<div class=\"elementor-column elementor-col-50 elementor-top-column elementor-element elementor-element-50bd07d6 elementor-invisible\" data-id=\"50bd07d6\" data-element_type=\"column\" data-e-type=\"column\" data-settings=\"{&quot;animation&quot;:&quot;fadeInRight&quot;}\">\n\t\t\t<div class=\"elementor-widget-wrap elementor-element-populated\">\n\t\t\t\t\t\t<div class=\"elementor-element elementor-element-5a4ac945 elementor-widget elementor-widget-image\" data-id=\"5a4ac945\" data-element_type=\"widget\" data-e-type=\"widget\" data-widget_type=\"image.default\">\n\t\t\t\t<div class=\"elementor-widget-container\">\n\t\t\t\t\t\t\t\t\t\t\t\t\t\t\t<img fetchpriority=\"high\" decoding=\"async\" width=\"1566\" height=\"996\" src=\"https:\/\/fnenterprise.it\/wp-content\/uploads\/2023\/12\/Schermata-2023-12-04-alle-11.42.09.png\" class=\"attachment-full size-full wp-image-1740\" alt=\"\" srcset=\"https:\/\/fnenterprise.it\/wp-content\/uploads\/2023\/12\/Schermata-2023-12-04-alle-11.42.09.png 1566w, https:\/\/fnenterprise.it\/wp-content\/uploads\/2023\/12\/Schermata-2023-12-04-alle-11.42.09-300x191.png 300w, https:\/\/fnenterprise.it\/wp-content\/uploads\/2023\/12\/Schermata-2023-12-04-alle-11.42.09-1024x651.png 1024w, https:\/\/fnenterprise.it\/wp-content\/uploads\/2023\/12\/Schermata-2023-12-04-alle-11.42.09-768x488.png 768w, https:\/\/fnenterprise.it\/wp-content\/uploads\/2023\/12\/Schermata-2023-12-04-alle-11.42.09-1536x977.png 1536w\" sizes=\"(max-width: 1566px) 100vw, 1566px\" \/>\t\t\t\t\t\t\t\t\t\t\t\t\t\t\t<\/div>\n\t\t\t\t<\/div>\n\t\t\t\t\t<\/div>\n\t\t<\/div>\n\t\t\t\t\t<\/div>\n\t\t<\/section>\n\t\t\t\t<section class=\"elementor-section elementor-top-section elementor-element elementor-element-7b7f57b5 elementor-section-boxed elementor-section-height-default elementor-section-height-default\" data-id=\"7b7f57b5\" data-element_type=\"section\" data-e-type=\"section\" data-settings=\"{&quot;background_background&quot;:&quot;classic&quot;}\">\n\t\t\t\t\t\t\t<div class=\"elementor-background-overlay\"><\/div>\n\t\t\t\t\t\t\t<div class=\"elementor-container elementor-column-gap-default\">\n\t\t\t\t\t<div class=\"elementor-column elementor-col-100 elementor-top-column elementor-element elementor-element-7abf977\" data-id=\"7abf977\" data-element_type=\"column\" data-e-type=\"column\">\n\t\t\t<div class=\"elementor-widget-wrap elementor-element-populated\">\n\t\t\t\t\t\t<section class=\"elementor-section elementor-inner-section elementor-element elementor-element-5b5f726 elementor-section-boxed elementor-section-height-default elementor-section-height-default\" data-id=\"5b5f726\" data-element_type=\"section\" data-e-type=\"section\">\n\t\t\t\t\t\t<div class=\"elementor-container elementor-column-gap-default\">\n\t\t\t\t\t<div class=\"elementor-column elementor-col-100 elementor-inner-column elementor-element elementor-element-3a8cb1bc elementor-invisible\" data-id=\"3a8cb1bc\" data-element_type=\"column\" data-e-type=\"column\" data-settings=\"{&quot;animation&quot;:&quot;fadeInUp&quot;}\">\n\t\t\t<div class=\"elementor-widget-wrap elementor-element-populated\">\n\t\t\t\t\t\t<div class=\"elementor-element elementor-element-172fa54b elementor-widget elementor-widget-heading\" data-id=\"172fa54b\" data-element_type=\"widget\" data-e-type=\"widget\" data-widget_type=\"heading.default\">\n\t\t\t\t<div class=\"elementor-widget-container\">\n\t\t\t\t\t<h6 class=\"elementor-heading-title elementor-size-default\">perch\u00e8 Digital box<\/h6>\t\t\t\t<\/div>\n\t\t\t\t<\/div>\n\t\t\t\t<div class=\"elementor-element elementor-element-30c2cc42 elementor-widget elementor-widget-heading\" data-id=\"30c2cc42\" data-element_type=\"widget\" data-e-type=\"widget\" data-widget_type=\"heading.default\">\n\t\t\t\t<div class=\"elementor-widget-container\">\n\t\t\t\t\t<h2 class=\"elementor-heading-title elementor-size-default\">Software collaboration e condivisione<\/h2>\t\t\t\t<\/div>\n\t\t\t\t<\/div>\n\t\t\t\t\t<\/div>\n\t\t<\/div>\n\t\t\t\t\t<\/div>\n\t\t<\/section>\n\t\t\t\t<section class=\"elementor-section elementor-inner-section elementor-element elementor-element-2e1e7c12 elementor-section-boxed elementor-section-height-default elementor-section-height-default\" data-id=\"2e1e7c12\" data-element_type=\"section\" data-e-type=\"section\">\n\t\t\t\t\t\t<div class=\"elementor-container elementor-column-gap-default\">\n\t\t\t\t\t<div class=\"elementor-column elementor-col-33 elementor-inner-column elementor-element elementor-element-4f5c463f elementor-invisible\" data-id=\"4f5c463f\" data-element_type=\"column\" data-e-type=\"column\" data-settings=\"{&quot;background_background&quot;:&quot;classic&quot;,&quot;animation&quot;:&quot;fadeInDown&quot;}\">\n\t\t\t<div class=\"elementor-widget-wrap elementor-element-populated\">\n\t\t\t\t\t\t<div class=\"elementor-element elementor-element-3e479885 elementor-widget elementor-widget-icon-box\" data-id=\"3e479885\" data-element_type=\"widget\" data-e-type=\"widget\" data-widget_type=\"icon-box.default\">\n\t\t\t\t<div class=\"elementor-widget-container\">\n\t\t\t\t\t\t\t<div class=\"elementor-icon-box-wrapper\">\n\n\t\t\t\n\t\t\t\t\t\t<div class=\"elementor-icon-box-content\">\n\n\t\t\t\t\t\t\t\t\t<div class=\"elementor-icon-box-title\">\n\t\t\t\t\t\t<span  >\n\t\t\t\t\t\t\tDocumenti\t\t\t\t\t\t<\/span>\n\t\t\t\t\t<\/div>\n\t\t\t\t\n\t\t\t\t\t\t\t\t\t<p class=\"elementor-icon-box-description\">\n\t\t\t\t\t\tGrazie alla Digital Box puoi condividere documenti e fatture in uno spazio sicuro e organizzato, sia importandoli dai gestionali che da fonti esterne. Puoi filtrare quelli da leggere, aggiungere note e raggrupparli per tematica in un Fascicolo, con la possibilit\u00e0 di condividerlo e farlo scaricare. In pi\u00f9 con la Firma Digitale, risparmi carta e sei pi\u00f9 veloce nel fornire ai clienti i documenti di cui hanno bisogno.\n\n\t\t\t\t\t<\/p>\n\t\t\t\t\n\t\t\t<\/div>\n\t\t\t\n\t\t<\/div>\n\t\t\t\t\t\t<\/div>\n\t\t\t\t<\/div>\n\t\t\t\t\t<\/div>\n\t\t<\/div>\n\t\t\t\t<div class=\"elementor-column elementor-col-33 elementor-inner-column elementor-element elementor-element-576fdae5 elementor-invisible\" data-id=\"576fdae5\" data-element_type=\"column\" data-e-type=\"column\" data-settings=\"{&quot;background_background&quot;:&quot;gradient&quot;,&quot;animation&quot;:&quot;fadeInUp&quot;,&quot;animation_delay&quot;:200}\">\n\t\t\t<div class=\"elementor-widget-wrap elementor-element-populated\">\n\t\t\t\t\t\t<div class=\"elementor-element elementor-element-23f565b elementor-widget elementor-widget-icon-box\" data-id=\"23f565b\" data-element_type=\"widget\" data-e-type=\"widget\" data-widget_type=\"icon-box.default\">\n\t\t\t\t<div class=\"elementor-widget-container\">\n\t\t\t\t\t\t\t<div class=\"elementor-icon-box-wrapper\">\n\n\t\t\t\n\t\t\t\t\t\t<div class=\"elementor-icon-box-content\">\n\n\t\t\t\t\t\t\t\t\t<div class=\"elementor-icon-box-title\">\n\t\t\t\t\t\t<span  >\n\t\t\t\t\t\t\tScadenze\t\t\t\t\t\t<\/span>\n\t\t\t\t\t<\/div>\n\t\t\t\t\n\t\t\t\t\t\t\t\t\t<p class=\"elementor-icon-box-description\">\n\t\t\t\t\t\tDigital Box consente di inserire direttamente nell\u2019agenda del cliente tutte le scadenze fiscali e previdenziali, come imposte da liquidare e modelli F24. Il cliente pu\u00f2 cos\u00ec gestire le scadenze, controllare gli addebiti, autorizzarli o rifiutarli.\n\n\t\t\t\t\t<\/p>\n\t\t\t\t\n\t\t\t<\/div>\n\t\t\t\n\t\t<\/div>\n\t\t\t\t\t\t<\/div>\n\t\t\t\t<\/div>\n\t\t\t\t\t<\/div>\n\t\t<\/div>\n\t\t\t\t<div class=\"elementor-column elementor-col-33 elementor-inner-column elementor-element elementor-element-381fb232 elementor-invisible\" data-id=\"381fb232\" data-element_type=\"column\" data-e-type=\"column\" data-settings=\"{&quot;background_background&quot;:&quot;classic&quot;,&quot;animation&quot;:&quot;fadeInDown&quot;}\">\n\t\t\t<div class=\"elementor-widget-wrap elementor-element-populated\">\n\t\t\t\t\t\t<div class=\"elementor-element elementor-element-4767a190 elementor-widget elementor-widget-icon-box\" data-id=\"4767a190\" data-element_type=\"widget\" data-e-type=\"widget\" data-widget_type=\"icon-box.default\">\n\t\t\t\t<div class=\"elementor-widget-container\">\n\t\t\t\t\t\t\t<div class=\"elementor-icon-box-wrapper\">\n\n\t\t\t\n\t\t\t\t\t\t<div class=\"elementor-icon-box-content\">\n\n\t\t\t\t\t\t\t\t\t<div class=\"elementor-icon-box-title\">\n\t\t\t\t\t\t<span  >\n\t\t\t\t\t\t\tKPI e Business Performance\t\t\t\t\t\t<\/span>\n\t\t\t\t\t<\/div>\n\t\t\t\t\n\t\t\t\t\t\t\t\t\t<p class=\"elementor-icon-box-description\">\n\t\t\t\t\t\tLa Digital Box permette di importare direttamente i dati dal gestionale di Studio e dai software utilizzati dai clienti. Grazie alle Business Performance puoi consultare cos\u00ec indicatori e performance dei clienti e condividere con loro le informazioni pi\u00f9 importanti. Inoltre, con la Scheda Cliente sempre aggiornate, hai sotto controllo i dati economici e finanziari e puoi offrire un servizio di consulenza proattivo, anche fuori ufficio.\t\t\t\t\t<\/p>\n\t\t\t\t\n\t\t\t<\/div>\n\t\t\t\n\t\t<\/div>\n\t\t\t\t\t\t<\/div>\n\t\t\t\t<\/div>\n\t\t\t\t\t<\/div>\n\t\t<\/div>\n\t\t\t\t\t<\/div>\n\t\t<\/section>\n\t\t\t\t\t<\/div>\n\t\t<\/div>\n\t\t\t\t\t<\/div>\n\t\t<\/section>\n\t\t\t\t<section class=\"elementor-section elementor-top-section elementor-element elementor-element-7baf0e5 elementor-section-content-middle elementor-section-boxed elementor-section-height-default elementor-section-height-default\" data-id=\"7baf0e5\" data-element_type=\"section\" data-e-type=\"section\" data-settings=\"{&quot;background_background&quot;:&quot;video&quot;}\">\n\t\t\t\t\t\t<div class=\"elementor-container elementor-column-gap-default\">\n\t\t\t\t\t<div class=\"elementor-column elementor-col-100 elementor-top-column elementor-element elementor-element-23efcdc elementor-invisible\" data-id=\"23efcdc\" data-element_type=\"column\" data-e-type=\"column\" data-settings=\"{&quot;animation&quot;:&quot;fadeInLeft&quot;}\">\n\t\t\t<div class=\"elementor-widget-wrap elementor-element-populated\">\n\t\t\t\t\t\t<div class=\"elementor-element elementor-element-7b8bdc4 elementor-widget elementor-widget-heading\" data-id=\"7b8bdc4\" data-element_type=\"widget\" data-e-type=\"widget\" data-widget_type=\"heading.default\">\n\t\t\t\t<div class=\"elementor-widget-container\">\n\t\t\t\t\t<h6 class=\"elementor-heading-title elementor-size-default\">Soluzioni digitali<\/h6>\t\t\t\t<\/div>\n\t\t\t\t<\/div>\n\t\t\t\t<div class=\"elementor-element elementor-element-002bf2b elementor-widget elementor-widget-heading\" data-id=\"002bf2b\" data-element_type=\"widget\" data-e-type=\"widget\" data-widget_type=\"heading.default\">\n\t\t\t\t<div class=\"elementor-widget-container\">\n\t\t\t\t\t<h2 class=\"elementor-heading-title elementor-size-default\">Lo strumento di collaborazione digitale, condivisione documenti e informazioni\n<\/h2>\t\t\t\t<\/div>\n\t\t\t\t<\/div>\n\t\t\t\t<div class=\"elementor-element elementor-element-52db585 elementor-widget elementor-widget-text-editor\" data-id=\"52db585\" data-element_type=\"widget\" data-e-type=\"widget\" data-widget_type=\"text-editor.default\">\n\t\t\t\t<div class=\"elementor-widget-container\">\n\t\t\t\t\t\t\t\t\t<section class=\"section text section--light _loaded\" data-module=\"text\" data-component-id=\"12734\"><div class=\"section__wrapper\"><div class=\"container\"><div class=\"row\"><div class=\"col-sm-10 offset-sm-1\"><div class=\"content\"><div class=\"text\"><p>TeamSystem Digital Box\u00a0<strong>ottimizza tutti i processi comunicativi<\/strong>\u00a0tra studio professionale e clienti. Grazie alla sua natura cloud consente l\u2019accesso da remoto, anche tramite con smartphone e tablet. Studio e clienti possono cos\u00ec condividere documenti e informazioni in ogni momento e da qualunque posizione.<\/p><p>TeamSystem Digital Box \u00e8 pensato per gli studi professionali che desiderano\u00a0<strong>ottimizzare i processi di condivisione informativa<\/strong>\u00a0e<strong>\u00a0migliorare la relazione con i propri clienti<\/strong>, coinvolgendoli e consentendo uno scambio di informazioni proficuo e in tempo reale.<\/p><p>L\u2019obiettivo di TeamSystem Digital Box \u00e8 quello di\u00a0<strong>ridurre i tempi di comunicazione tra studio e clienti<\/strong>\u00a0per offrire un servizio pi\u00f9 efficace, tempestivo e di valore.<\/p><\/div><\/div><\/div><\/div><\/div><\/div><\/section><section class=\"section section--listing columns section--color _loaded\" data-module=\"columns\" data-component-id=\"12736\"><\/section>\t\t\t\t\t\t\t\t<\/div>\n\t\t\t\t<\/div>\n\t\t\t\t\t<\/div>\n\t\t<\/div>\n\t\t\t\t\t<\/div>\n\t\t<\/section>\n\t\t\t\t<section class=\"elementor-section elementor-top-section elementor-element elementor-element-693d7da1 elementor-section-boxed elementor-section-height-default elementor-section-height-default\" data-id=\"693d7da1\" data-element_type=\"section\" data-e-type=\"section\">\n\t\t\t\t\t\t<div class=\"elementor-container elementor-column-gap-default\">\n\t\t\t\t\t<div class=\"elementor-column elementor-col-100 elementor-top-column elementor-element elementor-element-20879208\" data-id=\"20879208\" data-element_type=\"column\" data-e-type=\"column\">\n\t\t\t<div class=\"elementor-widget-wrap elementor-element-populated\">\n\t\t\t\t\t\t<section class=\"elementor-section elementor-inner-section elementor-element elementor-element-1646268d elementor-section-content-middle elementor-section-boxed elementor-section-height-default elementor-section-height-default\" data-id=\"1646268d\" data-element_type=\"section\" data-e-type=\"section\" data-settings=\"{&quot;background_background&quot;:&quot;classic&quot;}\">\n\t\t\t\t\t\t\t<div class=\"elementor-background-overlay\"><\/div>\n\t\t\t\t\t\t\t<div class=\"elementor-container elementor-column-gap-default\">\n\t\t\t\t\t<div class=\"elementor-column elementor-col-50 elementor-inner-column elementor-element elementor-element-717e7020\" data-id=\"717e7020\" data-element_type=\"column\" data-e-type=\"column\">\n\t\t\t<div class=\"elementor-widget-wrap elementor-element-populated\">\n\t\t\t\t\t\t<div class=\"elementor-element elementor-element-b87f34f elementor-widget elementor-widget-heading\" data-id=\"b87f34f\" data-element_type=\"widget\" data-e-type=\"widget\" data-widget_type=\"heading.default\">\n\t\t\t\t<div class=\"elementor-widget-container\">\n\t\t\t\t\t<div class=\"elementor-heading-title elementor-size-default\">Al tuo servizio per accompagnarti nella crescita digitale. <\/div>\t\t\t\t<\/div>\n\t\t\t\t<\/div>\n\t\t\t\t<div class=\"elementor-element elementor-element-5cbd273c elementor-widget elementor-widget-text-editor\" data-id=\"5cbd273c\" data-element_type=\"widget\" data-e-type=\"widget\" data-widget_type=\"text-editor.default\">\n\t\t\t\t<div class=\"elementor-widget-container\">\n\t\t\t\t\t\t\t\t\t<p>Lorem ipsum dolor sit amet, consectetur adipiscing elit. Ut elit tellus, luctus nec ullamcorper mattis, pulvinar dapibus leo.<\/p>\t\t\t\t\t\t\t\t<\/div>\n\t\t\t\t<\/div>\n\t\t\t\t<div class=\"elementor-element elementor-element-151b3dd4 elementor-align-left elementor-mobile-align-center elementor-widget elementor-widget-button\" data-id=\"151b3dd4\" data-element_type=\"widget\" data-e-type=\"widget\" data-widget_type=\"button.default\">\n\t\t\t\t<div class=\"elementor-widget-container\">\n\t\t\t\t\t\t\t\t\t<div class=\"elementor-button-wrapper\">\n\t\t\t\t\t<a class=\"elementor-button elementor-button-link elementor-size-md\" href=\"http:\/\/contatti\">\n\t\t\t\t\t\t<span class=\"elementor-button-content-wrapper\">\n\t\t\t\t\t\t\t\t\t<span class=\"elementor-button-text\">Contattaci<\/span>\n\t\t\t\t\t<\/span>\n\t\t\t\t\t<\/a>\n\t\t\t\t<\/div>\n\t\t\t\t\t\t\t\t<\/div>\n\t\t\t\t<\/div>\n\t\t\t\t\t<\/div>\n\t\t<\/div>\n\t\t\t\t<div class=\"elementor-column elementor-col-50 elementor-inner-column elementor-element elementor-element-4ced811f\" data-id=\"4ced811f\" data-element_type=\"column\" data-e-type=\"column\">\n\t\t\t<div class=\"elementor-widget-wrap elementor-element-populated\">\n\t\t\t\t\t\t<div class=\"elementor-element elementor-element-221242a9 elementor-widget elementor-widget-image\" data-id=\"221242a9\" data-element_type=\"widget\" data-e-type=\"widget\" data-widget_type=\"image.default\">\n\t\t\t\t<div class=\"elementor-widget-container\">\n\t\t\t\t\t\t\t\t\t\t\t\t\t\t\t<img decoding=\"async\" width=\"600\" height=\"600\" src=\"https:\/\/fnenterprise.it\/wp-content\/uploads\/2023\/10\/img_team.png\" class=\"attachment-full size-full wp-image-46\" alt=\"\" srcset=\"https:\/\/fnenterprise.it\/wp-content\/uploads\/2023\/10\/img_team.png 600w, https:\/\/fnenterprise.it\/wp-content\/uploads\/2023\/10\/img_team-300x300.png 300w, https:\/\/fnenterprise.it\/wp-content\/uploads\/2023\/10\/img_team-150x150.png 150w\" sizes=\"(max-width: 600px) 100vw, 600px\" \/>\t\t\t\t\t\t\t\t\t\t\t\t\t\t\t<\/div>\n\t\t\t\t<\/div>\n\t\t\t\t\t<\/div>\n\t\t<\/div>\n\t\t\t\t\t<\/div>\n\t\t<\/section>\n\t\t\t\t\t<\/div>\n\t\t<\/div>\n\t\t\t\t\t<\/div>\n\t\t<\/section>\n\t\t\t\t<\/div>\n\t\t","protected":false},"excerpt":{"rendered":"<p>Soluzioni digitali TeamSystem Digital Box: lo strumento di collaboration digitale per una condivisione di informazioni puntuale tra studio e clienti TeamSystem Digital Box \u00e8 l&#8217;estensione del gestionale di Studio che consente ai professionisti di\u00a0ottimizzare il rapporto con i clienti, grazie a una collaborazione digitale e costante. Questo\u00a0software in Cloud\u00a0si prefigura come un\u2019applicazione online\u00a0accessibile da remoto\u00a0tramite [&hellip;]<\/p>\n","protected":false},"author":1,"featured_media":0,"parent":0,"menu_order":0,"comment_status":"closed","ping_status":"closed","template":"","meta":{"footnotes":""},"class_list":["post-1720","page","type-page","status-publish","hentry"],"_links":{"self":[{"href":"https:\/\/fnenterprise.it\/index.php\/wp-json\/wp\/v2\/pages\/1720","targetHints":{"allow":["GET"]}}],"collection":[{"href":"https:\/\/fnenterprise.it\/index.php\/wp-json\/wp\/v2\/pages"}],"about":[{"href":"https:\/\/fnenterprise.it\/index.php\/wp-json\/wp\/v2\/types\/page"}],"author":[{"embeddable":true,"href":"https:\/\/fnenterprise.it\/index.php\/wp-json\/wp\/v2\/users\/1"}],"replies":[{"embeddable":true,"href":"https:\/\/fnenterprise.it\/index.php\/wp-json\/wp\/v2\/comments?post=1720"}],"version-history":[{"count":22,"href":"https:\/\/fnenterprise.it\/index.php\/wp-json\/wp\/v2\/pages\/1720\/revisions"}],"predecessor-version":[{"id":1743,"href":"https:\/\/fnenterprise.it\/index.php\/wp-json\/wp\/v2\/pages\/1720\/revisions\/1743"}],"wp:attachment":[{"href":"https:\/\/fnenterprise.it\/index.php\/wp-json\/wp\/v2\/media?parent=1720"}],"curies":[{"name":"wp","href":"https:\/\/api.w.org\/{rel}","templated":true}]}}