{"id":1505,"date":"2023-11-21T14:05:50","date_gmt":"2023-11-21T14:05:50","guid":{"rendered":"https:\/\/fnenterprise.it\/?page_id=1505"},"modified":"2023-11-21T14:12:13","modified_gmt":"2023-11-21T14:12:13","slug":"wellness-physio","status":"publish","type":"page","link":"https:\/\/fnenterprise.it\/index.php\/wellness-physio\/","title":{"rendered":"Wellness Physio"},"content":{"rendered":"\t\t<div data-elementor-type=\"wp-page\" data-elementor-id=\"1505\" class=\"elementor elementor-1505\" data-elementor-post-type=\"page\">\n\t\t\t\t\t\t<section class=\"elementor-section elementor-top-section elementor-element elementor-element-79776543 elementor-section-content-middle elementor-section-boxed elementor-section-height-default elementor-section-height-default\" data-id=\"79776543\" data-element_type=\"section\" data-e-type=\"section\" data-settings=\"{&quot;background_background&quot;:&quot;video&quot;}\">\n\t\t\t\t\t\t<div class=\"elementor-container elementor-column-gap-default\">\n\t\t\t\t\t<div class=\"elementor-column elementor-col-50 elementor-top-column elementor-element elementor-element-648a7598 elementor-invisible\" data-id=\"648a7598\" data-element_type=\"column\" data-e-type=\"column\" data-settings=\"{&quot;animation&quot;:&quot;fadeInLeft&quot;}\">\n\t\t\t<div class=\"elementor-widget-wrap elementor-element-populated\">\n\t\t\t\t\t\t<div class=\"elementor-element elementor-element-5096b6a0 elementor-widget elementor-widget-heading\" data-id=\"5096b6a0\" data-element_type=\"widget\" data-e-type=\"widget\" data-widget_type=\"heading.default\">\n\t\t\t\t<div class=\"elementor-widget-container\">\n\t\t\t\t\t<h6 class=\"elementor-heading-title elementor-size-default\">Soluzioni digitali<\/h6>\t\t\t\t<\/div>\n\t\t\t\t<\/div>\n\t\t\t\t<div class=\"elementor-element elementor-element-513b326c elementor-widget elementor-widget-heading\" data-id=\"513b326c\" data-element_type=\"widget\" data-e-type=\"widget\" data-widget_type=\"heading.default\">\n\t\t\t\t<div class=\"elementor-widget-container\">\n\t\t\t\t\t<h2 class=\"elementor-heading-title elementor-size-default\"><a style=\"color:#29BAE0\">Wellness Physio<\/a>: il gestionale per centri benessere e SPA, centri fisioterapici\/medici\/estetici<\/h2>\t\t\t\t<\/div>\n\t\t\t\t<\/div>\n\t\t\t\t<div class=\"elementor-element elementor-element-5d63824a elementor-widget elementor-widget-text-editor\" data-id=\"5d63824a\" data-element_type=\"widget\" data-e-type=\"widget\" data-widget_type=\"text-editor.default\">\n\t\t\t\t<div class=\"elementor-widget-container\">\n\t\t\t\t\t\t\t\t\t<p>Physio \u00e8 la soluzione pensata e costruita su misura dei centri estetici e medici\/fisioterapici. Facilita gli operatori in fase di prenotazione e coordina tutte le risorse di un centro estetico o di una SPA, ottimizzando le occupazioni delle diverse agende, monitorando i consumi di cabina e memorizzando misurazioni e trattamenti.<\/p>\t\t\t\t\t\t\t\t<\/div>\n\t\t\t\t<\/div>\n\t\t\t\t\t<\/div>\n\t\t<\/div>\n\t\t\t\t<div class=\"elementor-column elementor-col-50 elementor-top-column elementor-element elementor-element-2e3ac3f9 elementor-invisible\" data-id=\"2e3ac3f9\" data-element_type=\"column\" data-e-type=\"column\" data-settings=\"{&quot;animation&quot;:&quot;fadeInRight&quot;}\">\n\t\t\t<div class=\"elementor-widget-wrap elementor-element-populated\">\n\t\t\t\t\t\t<div class=\"elementor-element elementor-element-41ca7534 elementor-widget elementor-widget-image\" data-id=\"41ca7534\" data-element_type=\"widget\" data-e-type=\"widget\" data-widget_type=\"image.default\">\n\t\t\t\t<div class=\"elementor-widget-container\">\n\t\t\t\t\t\t\t\t\t\t\t\t\t\t\t<img fetchpriority=\"high\" decoding=\"async\" width=\"1024\" height=\"854\" src=\"https:\/\/fnenterprise.it\/wp-content\/uploads\/2023\/11\/Gestionale-TeamSystem-Wellness-Physio-spa-centri-benessere-1024x854-1.webp\" class=\"attachment-full size-full wp-image-1511\" alt=\"\" srcset=\"https:\/\/fnenterprise.it\/wp-content\/uploads\/2023\/11\/Gestionale-TeamSystem-Wellness-Physio-spa-centri-benessere-1024x854-1.webp 1024w, https:\/\/fnenterprise.it\/wp-content\/uploads\/2023\/11\/Gestionale-TeamSystem-Wellness-Physio-spa-centri-benessere-1024x854-1-300x250.webp 300w, https:\/\/fnenterprise.it\/wp-content\/uploads\/2023\/11\/Gestionale-TeamSystem-Wellness-Physio-spa-centri-benessere-1024x854-1-768x641.webp 768w\" sizes=\"(max-width: 1024px) 100vw, 1024px\" \/>\t\t\t\t\t\t\t\t\t\t\t\t\t\t\t<\/div>\n\t\t\t\t<\/div>\n\t\t\t\t\t<\/div>\n\t\t<\/div>\n\t\t\t\t\t<\/div>\n\t\t<\/section>\n\t\t\t\t<section class=\"elementor-section elementor-top-section elementor-element elementor-element-2e89bb74 elementor-section-boxed elementor-section-height-default elementor-section-height-default\" data-id=\"2e89bb74\" data-element_type=\"section\" data-e-type=\"section\" data-settings=\"{&quot;background_background&quot;:&quot;video&quot;,&quot;background_video_link&quot;:&quot;http:\\\/\\\/fnenterprise.it\\\/wp-content\\\/uploads\\\/2023\\\/10\\\/white-wave-background-2021-09-03-21-33-58-utc-2.mp4&quot;,&quot;background_play_on_mobile&quot;:&quot;yes&quot;}\">\n\t\t\t\t\t\t\t\t<div class=\"elementor-background-video-container\">\n\t\t\t\t\t\t\t\t\t\t\t\t\t<video class=\"elementor-background-video-hosted\" role=\"presentation\" autoplay muted playsinline loop><\/video>\n\t\t\t\t\t\t\t\t\t\t\t<\/div>\n\t\t\t\t\t\t\t\t\t<div class=\"elementor-background-overlay\"><\/div>\n\t\t\t\t\t\t\t<div class=\"elementor-container elementor-column-gap-default\">\n\t\t\t\t\t<div class=\"elementor-column elementor-col-100 elementor-top-column elementor-element elementor-element-46069dc2\" data-id=\"46069dc2\" data-element_type=\"column\" data-e-type=\"column\">\n\t\t\t<div class=\"elementor-widget-wrap elementor-element-populated\">\n\t\t\t\t\t\t<div class=\"elementor-element elementor-element-5c05fdc1 elementor-widget elementor-widget-spacer\" data-id=\"5c05fdc1\" data-element_type=\"widget\" data-e-type=\"widget\" data-widget_type=\"spacer.default\">\n\t\t\t\t<div class=\"elementor-widget-container\">\n\t\t\t\t\t\t\t<div class=\"elementor-spacer\">\n\t\t\t<div class=\"elementor-spacer-inner\"><\/div>\n\t\t<\/div>\n\t\t\t\t\t\t<\/div>\n\t\t\t\t<\/div>\n\t\t\t\t<section class=\"elementor-section elementor-inner-section elementor-element elementor-element-38da8cdf elementor-section-boxed elementor-section-height-default elementor-section-height-default\" data-id=\"38da8cdf\" data-element_type=\"section\" data-e-type=\"section\">\n\t\t\t\t\t\t<div class=\"elementor-container elementor-column-gap-default\">\n\t\t\t\t\t<div class=\"elementor-column elementor-col-100 elementor-inner-column elementor-element elementor-element-58f5ad39 elementor-invisible\" data-id=\"58f5ad39\" data-element_type=\"column\" data-e-type=\"column\" data-settings=\"{&quot;animation&quot;:&quot;fadeInUp&quot;}\">\n\t\t\t<div class=\"elementor-widget-wrap elementor-element-populated\">\n\t\t\t\t\t\t<div class=\"elementor-element elementor-element-20cf2663 elementor-widget elementor-widget-heading\" data-id=\"20cf2663\" data-element_type=\"widget\" data-e-type=\"widget\" data-widget_type=\"heading.default\">\n\t\t\t\t<div class=\"elementor-widget-container\">\n\t\t\t\t\t<h6 class=\"elementor-heading-title elementor-size-default\">soluzione per professionisti<\/h6>\t\t\t\t<\/div>\n\t\t\t\t<\/div>\n\t\t\t\t<div class=\"elementor-element elementor-element-5748de96 elementor-widget elementor-widget-heading\" data-id=\"5748de96\" data-element_type=\"widget\" data-e-type=\"widget\" data-widget_type=\"heading.default\">\n\t\t\t\t<div class=\"elementor-widget-container\">\n\t\t\t\t\t<h2 class=\"elementor-heading-title elementor-size-default\">La soluzione di riferimento per il mercato nazionale delle aziende sportive, del benessere e del tempo libero\n<\/h2>\t\t\t\t<\/div>\n\t\t\t\t<\/div>\n\t\t\t\t\t<\/div>\n\t\t<\/div>\n\t\t\t\t\t<\/div>\n\t\t<\/section>\n\t\t\t\t<section class=\"elementor-section elementor-inner-section elementor-element elementor-element-2fbb2f77 elementor-section-boxed elementor-section-height-default elementor-section-height-default\" data-id=\"2fbb2f77\" data-element_type=\"section\" data-e-type=\"section\">\n\t\t\t\t\t\t<div class=\"elementor-container elementor-column-gap-default\">\n\t\t\t\t\t<div class=\"elementor-column elementor-col-33 elementor-inner-column elementor-element elementor-element-1ed01761 frostedglass elementor-invisible\" data-id=\"1ed01761\" data-element_type=\"column\" data-e-type=\"column\" data-settings=\"{&quot;background_background&quot;:&quot;classic&quot;,&quot;animation&quot;:&quot;fadeIn&quot;,&quot;background_motion_fx_motion_fx_mouse&quot;:&quot;yes&quot;,&quot;animation_delay&quot;:200}\">\n\t\t\t<div class=\"elementor-widget-wrap elementor-element-populated\">\n\t\t\t\t\t<div class=\"elementor-background-overlay\"><\/div>\n\t\t\t\t\t\t<div class=\"elementor-element elementor-element-256b0f8c elementor-widget elementor-widget-heading\" data-id=\"256b0f8c\" data-element_type=\"widget\" data-e-type=\"widget\" data-widget_type=\"heading.default\">\n\t\t\t\t<div class=\"elementor-widget-container\">\n\t\t\t\t\t<h2 class=\"elementor-heading-title elementor-size-default\">Appuntamenti<\/h2>\t\t\t\t<\/div>\n\t\t\t\t<\/div>\n\t\t\t\t<div class=\"elementor-element elementor-element-10fa6f2 elementor-invisible elementor-widget elementor-widget-heading\" data-id=\"10fa6f2\" data-element_type=\"widget\" data-e-type=\"widget\" data-settings=\"{&quot;_animation&quot;:&quot;fadeInUp&quot;,&quot;_animation_delay&quot;:200}\" data-widget_type=\"heading.default\">\n\t\t\t\t<div class=\"elementor-widget-container\">\n\t\t\t\t\t<div class=\"elementor-heading-title elementor-size-default\">Desideri un unico strumento che ti consenta di gestire la tua agenda appuntamenti in modo semplice ed efficace? TeamSystem Wellness Physio mette a tua disposizione una serie di funzionalit\u00e0 appositamente studiate per soddisfare le esigenze di chi deve organizzare e gestire contemporaneamente pi\u00f9 variabili, quali operatore, cabina e strumento. Il sistema gestionale proporr\u00e0 automaticamente ed in pochi secondi all\u2019operatore, le migliori associazioni e disponibilit\u00e0, consentendo l\u2019ottimizzazione delle risorse ed evitando laboriose ricerche e sprechi di tempo.<\/div>\t\t\t\t<\/div>\n\t\t\t\t<\/div>\n\t\t\t\t\t<\/div>\n\t\t<\/div>\n\t\t\t\t<div class=\"elementor-column elementor-col-33 elementor-inner-column elementor-element elementor-element-52128c06 frostedglass elementor-invisible\" data-id=\"52128c06\" data-element_type=\"column\" data-e-type=\"column\" data-settings=\"{&quot;background_background&quot;:&quot;classic&quot;,&quot;animation&quot;:&quot;fadeIn&quot;,&quot;background_motion_fx_motion_fx_mouse&quot;:&quot;yes&quot;,&quot;animation_delay&quot;:200}\">\n\t\t\t<div class=\"elementor-widget-wrap elementor-element-populated\">\n\t\t\t\t\t<div class=\"elementor-background-overlay\"><\/div>\n\t\t\t\t\t\t<div class=\"elementor-element elementor-element-1db2b190 elementor-widget elementor-widget-heading\" data-id=\"1db2b190\" data-element_type=\"widget\" data-e-type=\"widget\" data-widget_type=\"heading.default\">\n\t\t\t\t<div class=\"elementor-widget-container\">\n\t\t\t\t\t<h2 class=\"elementor-heading-title elementor-size-default\">Prodotti e magazzino<\/h2>\t\t\t\t<\/div>\n\t\t\t\t<\/div>\n\t\t\t\t<div class=\"elementor-element elementor-element-3f13a42b elementor-invisible elementor-widget elementor-widget-heading\" data-id=\"3f13a42b\" data-element_type=\"widget\" data-e-type=\"widget\" data-settings=\"{&quot;_animation&quot;:&quot;fadeInUp&quot;,&quot;_animation_delay&quot;:200}\" data-widget_type=\"heading.default\">\n\t\t\t\t<div class=\"elementor-widget-container\">\n\t\t\t\t\t<div class=\"elementor-heading-title elementor-size-default\">Vuoi poter gestire il tuo magazzino prodotti in modo semplice e puntuale? Con TeamSystem Wellness Physio hai un potente strumento in grado di fornirti tutte le informazioni relative al magazzino, gestendo avvisi, procedure automatiche per il riacquisto prodotti e soprattutto semplificando l\u2019operativit\u00e0 giornaliera. Ad ogni trattamento infatti, \u00e8 possibile associare l\u2019utilizzo dei relativi prodotti che saranno impegnati gi\u00e0 al momento della prenotazione dell\u2019appuntamento, generando automaticamente un avviso per l\u2019operatore per l\u2019eventuale sottoscorta e il conseguente riordino al fornitore.\n<\/div>\t\t\t\t<\/div>\n\t\t\t\t<\/div>\n\t\t\t\t\t<\/div>\n\t\t<\/div>\n\t\t\t\t<div class=\"elementor-column elementor-col-33 elementor-inner-column elementor-element elementor-element-332cca45 frostedglass elementor-invisible\" data-id=\"332cca45\" data-element_type=\"column\" data-e-type=\"column\" data-settings=\"{&quot;background_background&quot;:&quot;classic&quot;,&quot;animation&quot;:&quot;fadeIn&quot;,&quot;background_motion_fx_motion_fx_mouse&quot;:&quot;yes&quot;,&quot;animation_delay&quot;:200}\">\n\t\t\t<div class=\"elementor-widget-wrap elementor-element-populated\">\n\t\t\t\t\t<div class=\"elementor-background-overlay\"><\/div>\n\t\t\t\t\t\t<div class=\"elementor-element elementor-element-5e9ffb5 elementor-widget elementor-widget-heading\" data-id=\"5e9ffb5\" data-element_type=\"widget\" data-e-type=\"widget\" data-widget_type=\"heading.default\">\n\t\t\t\t<div class=\"elementor-widget-container\">\n\t\t\t\t\t<h2 class=\"elementor-heading-title elementor-size-default\">Offerte a pacchetto<\/h2>\t\t\t\t<\/div>\n\t\t\t\t<\/div>\n\t\t\t\t<div class=\"elementor-element elementor-element-41048f24 elementor-invisible elementor-widget elementor-widget-heading\" data-id=\"41048f24\" data-element_type=\"widget\" data-e-type=\"widget\" data-settings=\"{&quot;_animation&quot;:&quot;fadeInUp&quot;,&quot;_animation_delay&quot;:200}\" data-widget_type=\"heading.default\">\n\t\t\t\t<div class=\"elementor-widget-container\">\n\t\t\t\t\t<div class=\"elementor-heading-title elementor-size-default\">Con TeamSystem Wellness Physio \u00e8 facile gestire offerte personalizzate per ogni cliente. La flessibilit\u00e0 di gestione della tipologia di servizio offerto (a scalare, a pacchetto, ecc.) e della modalit\u00e0 di pagamento consente al venditore di modulare la proposta di vendita sulle specifiche necessit\u00e0 di utilizzo dell\u2019utente. Attraverso il software \u00e8 possibile inoltre raccogliere e monitorare la spesa dei clienti, fornendo informazioni preziose alla forza vendita per promuovere le attivit\u00e0 ed i servizi desiderati, attraverso opportune campagne di incentivazione e fidelizzazione.\n\n<\/div>\t\t\t\t<\/div>\n\t\t\t\t<\/div>\n\t\t\t\t\t<\/div>\n\t\t<\/div>\n\t\t\t\t\t<\/div>\n\t\t<\/section>\n\t\t\t\t<div class=\"elementor-element elementor-element-4a950da0 elementor-widget elementor-widget-spacer\" data-id=\"4a950da0\" data-element_type=\"widget\" data-e-type=\"widget\" data-widget_type=\"spacer.default\">\n\t\t\t\t<div class=\"elementor-widget-container\">\n\t\t\t\t\t\t\t<div class=\"elementor-spacer\">\n\t\t\t<div class=\"elementor-spacer-inner\"><\/div>\n\t\t<\/div>\n\t\t\t\t\t\t<\/div>\n\t\t\t\t<\/div>\n\t\t\t\t\t<\/div>\n\t\t<\/div>\n\t\t\t\t\t<\/div>\n\t\t<\/section>\n\t\t\t\t<section class=\"elementor-section elementor-top-section elementor-element elementor-element-1987b0b4 elementor-section-boxed elementor-section-height-default elementor-section-height-default\" data-id=\"1987b0b4\" data-element_type=\"section\" data-e-type=\"section\" data-settings=\"{&quot;background_background&quot;:&quot;classic&quot;}\">\n\t\t\t\t\t\t\t<div class=\"elementor-background-overlay\"><\/div>\n\t\t\t\t\t\t\t<div class=\"elementor-container elementor-column-gap-default\">\n\t\t\t\t\t<div class=\"elementor-column elementor-col-100 elementor-top-column elementor-element elementor-element-403cf76\" data-id=\"403cf76\" data-element_type=\"column\" data-e-type=\"column\">\n\t\t\t<div class=\"elementor-widget-wrap elementor-element-populated\">\n\t\t\t\t\t\t<section class=\"elementor-section elementor-inner-section elementor-element elementor-element-59392f10 elementor-section-boxed elementor-section-height-default elementor-section-height-default\" data-id=\"59392f10\" data-element_type=\"section\" data-e-type=\"section\">\n\t\t\t\t\t\t<div class=\"elementor-container elementor-column-gap-default\">\n\t\t\t\t\t<div class=\"elementor-column elementor-col-100 elementor-inner-column elementor-element elementor-element-2e819015 elementor-invisible\" data-id=\"2e819015\" data-element_type=\"column\" data-e-type=\"column\" data-settings=\"{&quot;animation&quot;:&quot;fadeInUp&quot;}\">\n\t\t\t<div class=\"elementor-widget-wrap elementor-element-populated\">\n\t\t\t\t\t\t<div class=\"elementor-element elementor-element-e6314e3 elementor-widget elementor-widget-heading\" data-id=\"e6314e3\" data-element_type=\"widget\" data-e-type=\"widget\" data-widget_type=\"heading.default\">\n\t\t\t\t<div class=\"elementor-widget-container\">\n\t\t\t\t\t<h6 class=\"elementor-heading-title elementor-size-default\">perch\u00e8 ts wellness physio<\/h6>\t\t\t\t<\/div>\n\t\t\t\t<\/div>\n\t\t\t\t<div class=\"elementor-element elementor-element-1c039ed0 elementor-widget elementor-widget-heading\" data-id=\"1c039ed0\" data-element_type=\"widget\" data-e-type=\"widget\" data-widget_type=\"heading.default\">\n\t\t\t\t<div class=\"elementor-widget-container\">\n\t\t\t\t\t<h2 class=\"elementor-heading-title elementor-size-default\">TeamSystem Wellness \u00e8 la soluzione gestionale pi\u00f9 scelta in Italia nel mercato del wellness.<\/h2>\t\t\t\t<\/div>\n\t\t\t\t<\/div>\n\t\t\t\t\t<\/div>\n\t\t<\/div>\n\t\t\t\t\t<\/div>\n\t\t<\/section>\n\t\t\t\t<section class=\"elementor-section elementor-inner-section elementor-element elementor-element-44ac0f4 elementor-section-boxed elementor-section-height-default elementor-section-height-default\" data-id=\"44ac0f4\" data-element_type=\"section\" data-e-type=\"section\">\n\t\t\t\t\t\t<div class=\"elementor-container elementor-column-gap-default\">\n\t\t\t\t\t<div class=\"elementor-column elementor-col-100 elementor-inner-column elementor-element elementor-element-70749dcd elementor-invisible\" data-id=\"70749dcd\" data-element_type=\"column\" data-e-type=\"column\" data-settings=\"{&quot;background_background&quot;:&quot;gradient&quot;,&quot;animation&quot;:&quot;fadeInUp&quot;,&quot;animation_delay&quot;:200}\">\n\t\t\t<div class=\"elementor-widget-wrap elementor-element-populated\">\n\t\t\t\t\t\t<div class=\"elementor-element elementor-element-18aea9c9 elementor-widget elementor-widget-icon-box\" data-id=\"18aea9c9\" data-element_type=\"widget\" data-e-type=\"widget\" data-widget_type=\"icon-box.default\">\n\t\t\t\t<div class=\"elementor-widget-container\">\n\t\t\t\t\t\t\t<div class=\"elementor-icon-box-wrapper\">\n\n\t\t\t\n\t\t\t\t\t\t<div class=\"elementor-icon-box-content\">\n\n\t\t\t\t\n\t\t\t\t\t\t\t\t\t<p class=\"elementor-icon-box-description\">\n\t\t\t\t\t\tLa soluzione onpremise TeamSystem Wellness ti permette di accedere alle potenzialit\u00e0 del team di sviluppo software della di TeamSystem specializzato nel tuo settore. Con noi potrai dialogare per poter rispondere alle tue richieste e semplificare anche processi molto complessi, il tutto con la semplicit\u00e0 di un dialogo in italiano.\t\t\t\t\t<\/p>\n\t\t\t\t\n\t\t\t<\/div>\n\t\t\t\n\t\t<\/div>\n\t\t\t\t\t\t<\/div>\n\t\t\t\t<\/div>\n\t\t\t\t<div class=\"elementor-element elementor-element-6c5426dc elementor-widget elementor-widget-text-editor\" data-id=\"6c5426dc\" data-element_type=\"widget\" data-e-type=\"widget\" data-widget_type=\"text-editor.default\">\n\t\t\t\t<div class=\"elementor-widget-container\">\n\t\t\t\t\t\t\t\t\t<ul><li>Supporto alle attivit\u00e0 di tele marketing e recall con funzioni integrate di VOIP<\/li><li>Generazione automatica delle attivit\u00e0 da svolgere<\/li><li>Notifiche automatiche via mail per consulenti e direzione<\/li><li>Gestione del cliente completa grazie al modulo CRM<\/li><li>Facile creazione di ricerche incrociate<\/li><li>Generazione automatica di sms, email, report in excel, stampe<\/li><li>Statistiche, reportistiche ed analisi dati<\/li><li>Pianificazione invio di comunicazioni ed avvisi<\/li><li>Sistemi di loyalty per raccolta punti premio<\/li><li>Anagrafica dettagliata con campi personalizzabili<\/li><li>Categorie, certificati, tesseramenti<\/li><li>Servizi a periodo, a gettone, a scalare<\/li><li>Listino dinamico<\/li><li>Liste, elenchi, scadenziari<\/li><li>Gestione del cliente completa grazie al modulo CRM<\/li><li>Integrazione completa con EvolutionFit<\/li><li>Integrazione completa con Wellness System e MyWellness Cloud di Technogym<\/li><\/ul>\t\t\t\t\t\t\t\t<\/div>\n\t\t\t\t<\/div>\n\t\t\t\t\t<\/div>\n\t\t<\/div>\n\t\t\t\t\t<\/div>\n\t\t<\/section>\n\t\t\t\t\t<\/div>\n\t\t<\/div>\n\t\t\t\t\t<\/div>\n\t\t<\/section>\n\t\t\t\t<section class=\"elementor-section elementor-top-section elementor-element elementor-element-2260b5d0 elementor-section-boxed elementor-section-height-default elementor-section-height-default\" data-id=\"2260b5d0\" data-element_type=\"section\" data-e-type=\"section\">\n\t\t\t\t\t\t<div class=\"elementor-container elementor-column-gap-default\">\n\t\t\t\t\t<div class=\"elementor-column elementor-col-100 elementor-top-column elementor-element elementor-element-1a34a17b\" data-id=\"1a34a17b\" data-element_type=\"column\" data-e-type=\"column\">\n\t\t\t<div class=\"elementor-widget-wrap elementor-element-populated\">\n\t\t\t\t\t\t<section class=\"elementor-section elementor-inner-section elementor-element elementor-element-22123771 elementor-section-content-middle elementor-section-boxed elementor-section-height-default elementor-section-height-default\" data-id=\"22123771\" data-element_type=\"section\" data-e-type=\"section\" data-settings=\"{&quot;background_background&quot;:&quot;classic&quot;}\">\n\t\t\t\t\t\t\t<div class=\"elementor-background-overlay\"><\/div>\n\t\t\t\t\t\t\t<div class=\"elementor-container elementor-column-gap-default\">\n\t\t\t\t\t<div class=\"elementor-column elementor-col-50 elementor-inner-column elementor-element elementor-element-316eb45f\" data-id=\"316eb45f\" data-element_type=\"column\" data-e-type=\"column\">\n\t\t\t<div class=\"elementor-widget-wrap elementor-element-populated\">\n\t\t\t\t\t\t<div class=\"elementor-element elementor-element-2deb6025 elementor-widget elementor-widget-heading\" data-id=\"2deb6025\" data-element_type=\"widget\" data-e-type=\"widget\" data-widget_type=\"heading.default\">\n\t\t\t\t<div class=\"elementor-widget-container\">\n\t\t\t\t\t<div class=\"elementor-heading-title elementor-size-default\">Al tuo servizio per accompagnarti nella crescita digitale. <\/div>\t\t\t\t<\/div>\n\t\t\t\t<\/div>\n\t\t\t\t<div class=\"elementor-element elementor-element-5d93abdc elementor-widget elementor-widget-text-editor\" data-id=\"5d93abdc\" data-element_type=\"widget\" data-e-type=\"widget\" data-widget_type=\"text-editor.default\">\n\t\t\t\t<div class=\"elementor-widget-container\">\n\t\t\t\t\t\t\t\t\t<p>Lorem ipsum dolor sit amet, consectetur adipiscing elit. Ut elit tellus, luctus nec ullamcorper mattis, pulvinar dapibus leo.<\/p>\t\t\t\t\t\t\t\t<\/div>\n\t\t\t\t<\/div>\n\t\t\t\t<div class=\"elementor-element elementor-element-13aa5fac elementor-align-left elementor-mobile-align-center elementor-widget elementor-widget-button\" data-id=\"13aa5fac\" data-element_type=\"widget\" data-e-type=\"widget\" data-widget_type=\"button.default\">\n\t\t\t\t<div class=\"elementor-widget-container\">\n\t\t\t\t\t\t\t\t\t<div class=\"elementor-button-wrapper\">\n\t\t\t\t\t<a class=\"elementor-button elementor-button-link elementor-size-md\" href=\"https:\/\/fnenterprise.it\/index.php\/contatti\/\">\n\t\t\t\t\t\t<span class=\"elementor-button-content-wrapper\">\n\t\t\t\t\t\t\t\t\t<span class=\"elementor-button-text\">Contattaci<\/span>\n\t\t\t\t\t<\/span>\n\t\t\t\t\t<\/a>\n\t\t\t\t<\/div>\n\t\t\t\t\t\t\t\t<\/div>\n\t\t\t\t<\/div>\n\t\t\t\t\t<\/div>\n\t\t<\/div>\n\t\t\t\t<div class=\"elementor-column elementor-col-50 elementor-inner-column elementor-element elementor-element-713c7531\" data-id=\"713c7531\" data-element_type=\"column\" data-e-type=\"column\">\n\t\t\t<div class=\"elementor-widget-wrap elementor-element-populated\">\n\t\t\t\t\t\t<div class=\"elementor-element elementor-element-1ba0c756 elementor-widget elementor-widget-image\" data-id=\"1ba0c756\" data-element_type=\"widget\" data-e-type=\"widget\" data-widget_type=\"image.default\">\n\t\t\t\t<div class=\"elementor-widget-container\">\n\t\t\t\t\t\t\t\t\t\t\t\t\t\t\t<img decoding=\"async\" width=\"600\" height=\"600\" src=\"https:\/\/fnenterprise.it\/wp-content\/uploads\/2023\/10\/img_team.png\" class=\"attachment-full size-full wp-image-46\" alt=\"\" srcset=\"https:\/\/fnenterprise.it\/wp-content\/uploads\/2023\/10\/img_team.png 600w, https:\/\/fnenterprise.it\/wp-content\/uploads\/2023\/10\/img_team-300x300.png 300w, https:\/\/fnenterprise.it\/wp-content\/uploads\/2023\/10\/img_team-150x150.png 150w\" sizes=\"(max-width: 600px) 100vw, 600px\" \/>\t\t\t\t\t\t\t\t\t\t\t\t\t\t\t<\/div>\n\t\t\t\t<\/div>\n\t\t\t\t\t<\/div>\n\t\t<\/div>\n\t\t\t\t\t<\/div>\n\t\t<\/section>\n\t\t\t\t\t<\/div>\n\t\t<\/div>\n\t\t\t\t\t<\/div>\n\t\t<\/section>\n\t\t\t\t<\/div>\n\t\t","protected":false},"excerpt":{"rendered":"<p>Soluzioni digitali Wellness Physio: il gestionale per centri benessere e SPA, centri fisioterapici\/medici\/estetici Physio \u00e8 la soluzione pensata e costruita su misura dei centri estetici e medici\/fisioterapici. Facilita gli operatori in fase di prenotazione e coordina tutte le risorse di un centro estetico o di una SPA, ottimizzando le occupazioni delle diverse agende, monitorando i [&hellip;]<\/p>\n","protected":false},"author":1,"featured_media":0,"parent":0,"menu_order":0,"comment_status":"closed","ping_status":"closed","template":"","meta":{"footnotes":""},"class_list":["post-1505","page","type-page","status-publish","hentry"],"_links":{"self":[{"href":"https:\/\/fnenterprise.it\/index.php\/wp-json\/wp\/v2\/pages\/1505","targetHints":{"allow":["GET"]}}],"collection":[{"href":"https:\/\/fnenterprise.it\/index.php\/wp-json\/wp\/v2\/pages"}],"about":[{"href":"https:\/\/fnenterprise.it\/index.php\/wp-json\/wp\/v2\/types\/page"}],"author":[{"embeddable":true,"href":"https:\/\/fnenterprise.it\/index.php\/wp-json\/wp\/v2\/users\/1"}],"replies":[{"embeddable":true,"href":"https:\/\/fnenterprise.it\/index.php\/wp-json\/wp\/v2\/comments?post=1505"}],"version-history":[{"count":10,"href":"https:\/\/fnenterprise.it\/index.php\/wp-json\/wp\/v2\/pages\/1505\/revisions"}],"predecessor-version":[{"id":1519,"href":"https:\/\/fnenterprise.it\/index.php\/wp-json\/wp\/v2\/pages\/1505\/revisions\/1519"}],"wp:attachment":[{"href":"https:\/\/fnenterprise.it\/index.php\/wp-json\/wp\/v2\/media?parent=1505"}],"curies":[{"name":"wp","href":"https:\/\/api.w.org\/{rel}","templated":true}]}}