{"id":1466,"date":"2023-11-21T13:56:03","date_gmt":"2023-11-21T13:56:03","guid":{"rendered":"https:\/\/fnenterprise.it\/?page_id=1466"},"modified":"2023-11-21T14:04:08","modified_gmt":"2023-11-21T14:04:08","slug":"wellness-aquae","status":"publish","type":"page","link":"https:\/\/fnenterprise.it\/index.php\/wellness-aquae\/","title":{"rendered":"Wellness Aquae"},"content":{"rendered":"\t\t<div data-elementor-type=\"wp-page\" data-elementor-id=\"1466\" class=\"elementor elementor-1466\" data-elementor-post-type=\"page\">\n\t\t\t\t\t\t<section class=\"elementor-section elementor-top-section elementor-element elementor-element-51c618af elementor-section-content-middle elementor-section-boxed elementor-section-height-default elementor-section-height-default\" data-id=\"51c618af\" data-element_type=\"section\" data-e-type=\"section\" data-settings=\"{&quot;background_background&quot;:&quot;video&quot;}\">\n\t\t\t\t\t\t<div class=\"elementor-container elementor-column-gap-default\">\n\t\t\t\t\t<div class=\"elementor-column elementor-col-50 elementor-top-column elementor-element elementor-element-609e106c elementor-invisible\" data-id=\"609e106c\" data-element_type=\"column\" data-e-type=\"column\" data-settings=\"{&quot;animation&quot;:&quot;fadeInLeft&quot;}\">\n\t\t\t<div class=\"elementor-widget-wrap elementor-element-populated\">\n\t\t\t\t\t\t<div class=\"elementor-element elementor-element-98c1b7f elementor-widget elementor-widget-heading\" data-id=\"98c1b7f\" data-element_type=\"widget\" data-e-type=\"widget\" data-widget_type=\"heading.default\">\n\t\t\t\t<div class=\"elementor-widget-container\">\n\t\t\t\t\t<h6 class=\"elementor-heading-title elementor-size-default\">Soluzioni digitali<\/h6>\t\t\t\t<\/div>\n\t\t\t\t<\/div>\n\t\t\t\t<div class=\"elementor-element elementor-element-3e78edd6 elementor-widget elementor-widget-heading\" data-id=\"3e78edd6\" data-element_type=\"widget\" data-e-type=\"widget\" data-widget_type=\"heading.default\">\n\t\t\t\t<div class=\"elementor-widget-container\">\n\t\t\t\t\t<h2 class=\"elementor-heading-title elementor-size-default\"><a style=\"color:#29BAE0\">Wellness Aquae<\/a>: il gestionale per piscine e impianti natatori<\/h2>\t\t\t\t<\/div>\n\t\t\t\t<\/div>\n\t\t\t\t<div class=\"elementor-element elementor-element-54175327 elementor-widget elementor-widget-text-editor\" data-id=\"54175327\" data-element_type=\"widget\" data-e-type=\"widget\" data-widget_type=\"text-editor.default\">\n\t\t\t\t<div class=\"elementor-widget-container\">\n\t\t\t\t\t\t\t\t\t<p>Aquae \u00e8 la soluzione appositamente sviluppata per le piscine che ti permette di organizzare i corsi di un piano vasca rispondendo a tutte le problematiche tipiche di una scuola nuoto.<\/p>\t\t\t\t\t\t\t\t<\/div>\n\t\t\t\t<\/div>\n\t\t\t\t\t<\/div>\n\t\t<\/div>\n\t\t\t\t<div class=\"elementor-column elementor-col-50 elementor-top-column elementor-element elementor-element-45cf786d elementor-invisible\" data-id=\"45cf786d\" data-element_type=\"column\" data-e-type=\"column\" data-settings=\"{&quot;animation&quot;:&quot;fadeInRight&quot;}\">\n\t\t\t<div class=\"elementor-widget-wrap elementor-element-populated\">\n\t\t\t\t\t\t<div class=\"elementor-element elementor-element-6114b1bd elementor-widget elementor-widget-image\" data-id=\"6114b1bd\" data-element_type=\"widget\" data-e-type=\"widget\" data-widget_type=\"image.default\">\n\t\t\t\t<div class=\"elementor-widget-container\">\n\t\t\t\t\t\t\t\t\t\t\t\t\t\t\t<img fetchpriority=\"high\" decoding=\"async\" width=\"1024\" height=\"854\" src=\"https:\/\/fnenterprise.it\/wp-content\/uploads\/2023\/11\/TeamSystem-Wellness-Aquae-Piscine-1024x854-1.webp\" class=\"attachment-full size-full wp-image-1471\" alt=\"\" srcset=\"https:\/\/fnenterprise.it\/wp-content\/uploads\/2023\/11\/TeamSystem-Wellness-Aquae-Piscine-1024x854-1.webp 1024w, https:\/\/fnenterprise.it\/wp-content\/uploads\/2023\/11\/TeamSystem-Wellness-Aquae-Piscine-1024x854-1-300x250.webp 300w, https:\/\/fnenterprise.it\/wp-content\/uploads\/2023\/11\/TeamSystem-Wellness-Aquae-Piscine-1024x854-1-768x641.webp 768w\" sizes=\"(max-width: 1024px) 100vw, 1024px\" \/>\t\t\t\t\t\t\t\t\t\t\t\t\t\t\t<\/div>\n\t\t\t\t<\/div>\n\t\t\t\t\t<\/div>\n\t\t<\/div>\n\t\t\t\t\t<\/div>\n\t\t<\/section>\n\t\t\t\t<section class=\"elementor-section elementor-top-section elementor-element elementor-element-6a1f75eb elementor-section-boxed elementor-section-height-default elementor-section-height-default\" data-id=\"6a1f75eb\" data-element_type=\"section\" data-e-type=\"section\" data-settings=\"{&quot;background_background&quot;:&quot;video&quot;,&quot;background_video_link&quot;:&quot;http:\\\/\\\/fnenterprise.it\\\/wp-content\\\/uploads\\\/2023\\\/10\\\/white-wave-background-2021-09-03-21-33-58-utc-2.mp4&quot;,&quot;background_play_on_mobile&quot;:&quot;yes&quot;}\">\n\t\t\t\t\t\t\t\t<div class=\"elementor-background-video-container\">\n\t\t\t\t\t\t\t\t\t\t\t\t\t<video class=\"elementor-background-video-hosted\" role=\"presentation\" autoplay muted playsinline loop><\/video>\n\t\t\t\t\t\t\t\t\t\t\t<\/div>\n\t\t\t\t\t\t\t\t\t<div class=\"elementor-background-overlay\"><\/div>\n\t\t\t\t\t\t\t<div class=\"elementor-container elementor-column-gap-default\">\n\t\t\t\t\t<div class=\"elementor-column elementor-col-100 elementor-top-column elementor-element elementor-element-366f2c4f\" data-id=\"366f2c4f\" data-element_type=\"column\" data-e-type=\"column\">\n\t\t\t<div class=\"elementor-widget-wrap elementor-element-populated\">\n\t\t\t\t\t\t<div class=\"elementor-element elementor-element-1624a973 elementor-widget elementor-widget-spacer\" data-id=\"1624a973\" data-element_type=\"widget\" data-e-type=\"widget\" data-widget_type=\"spacer.default\">\n\t\t\t\t<div class=\"elementor-widget-container\">\n\t\t\t\t\t\t\t<div class=\"elementor-spacer\">\n\t\t\t<div class=\"elementor-spacer-inner\"><\/div>\n\t\t<\/div>\n\t\t\t\t\t\t<\/div>\n\t\t\t\t<\/div>\n\t\t\t\t<section class=\"elementor-section elementor-inner-section elementor-element elementor-element-7a97d6c6 elementor-section-boxed elementor-section-height-default elementor-section-height-default\" data-id=\"7a97d6c6\" data-element_type=\"section\" data-e-type=\"section\">\n\t\t\t\t\t\t<div class=\"elementor-container elementor-column-gap-default\">\n\t\t\t\t\t<div class=\"elementor-column elementor-col-100 elementor-inner-column elementor-element elementor-element-e4a2a4e elementor-invisible\" data-id=\"e4a2a4e\" data-element_type=\"column\" data-e-type=\"column\" data-settings=\"{&quot;animation&quot;:&quot;fadeInUp&quot;}\">\n\t\t\t<div class=\"elementor-widget-wrap elementor-element-populated\">\n\t\t\t\t\t\t<div class=\"elementor-element elementor-element-7b28722c elementor-widget elementor-widget-heading\" data-id=\"7b28722c\" data-element_type=\"widget\" data-e-type=\"widget\" data-widget_type=\"heading.default\">\n\t\t\t\t<div class=\"elementor-widget-container\">\n\t\t\t\t\t<h6 class=\"elementor-heading-title elementor-size-default\">soluzione per professionisti<\/h6>\t\t\t\t<\/div>\n\t\t\t\t<\/div>\n\t\t\t\t<div class=\"elementor-element elementor-element-8e7d77e elementor-widget elementor-widget-heading\" data-id=\"8e7d77e\" data-element_type=\"widget\" data-e-type=\"widget\" data-widget_type=\"heading.default\">\n\t\t\t\t<div class=\"elementor-widget-container\">\n\t\t\t\t\t<h2 class=\"elementor-heading-title elementor-size-default\">La soluzione di riferimento per il mercato nazionale delle aziende sportive, del benessere e del tempo libero\n<\/h2>\t\t\t\t<\/div>\n\t\t\t\t<\/div>\n\t\t\t\t\t<\/div>\n\t\t<\/div>\n\t\t\t\t\t<\/div>\n\t\t<\/section>\n\t\t\t\t<section class=\"elementor-section elementor-inner-section elementor-element elementor-element-158b38c elementor-section-boxed elementor-section-height-default elementor-section-height-default\" data-id=\"158b38c\" data-element_type=\"section\" data-e-type=\"section\">\n\t\t\t\t\t\t<div class=\"elementor-container elementor-column-gap-default\">\n\t\t\t\t\t<div class=\"elementor-column elementor-col-33 elementor-inner-column elementor-element elementor-element-343f947b frostedglass elementor-invisible\" data-id=\"343f947b\" data-element_type=\"column\" data-e-type=\"column\" data-settings=\"{&quot;background_background&quot;:&quot;classic&quot;,&quot;animation&quot;:&quot;fadeIn&quot;,&quot;background_motion_fx_motion_fx_mouse&quot;:&quot;yes&quot;,&quot;animation_delay&quot;:200}\">\n\t\t\t<div class=\"elementor-widget-wrap elementor-element-populated\">\n\t\t\t\t\t<div class=\"elementor-background-overlay\"><\/div>\n\t\t\t\t\t\t<div class=\"elementor-element elementor-element-49ff8ec4 elementor-widget elementor-widget-heading\" data-id=\"49ff8ec4\" data-element_type=\"widget\" data-e-type=\"widget\" data-widget_type=\"heading.default\">\n\t\t\t\t<div class=\"elementor-widget-container\">\n\t\t\t\t\t<h2 class=\"elementor-heading-title elementor-size-default\">Corsi di nuoto<\/h2>\t\t\t\t<\/div>\n\t\t\t\t<\/div>\n\t\t\t\t<div class=\"elementor-element elementor-element-39350e2b elementor-invisible elementor-widget elementor-widget-heading\" data-id=\"39350e2b\" data-element_type=\"widget\" data-e-type=\"widget\" data-settings=\"{&quot;_animation&quot;:&quot;fadeInUp&quot;,&quot;_animation_delay&quot;:200}\" data-widget_type=\"heading.default\">\n\t\t\t\t<div class=\"elementor-widget-container\">\n\t\t\t\t\t<div class=\"elementor-heading-title elementor-size-default\">La stretta collaborazione con i migliori professionisti del settore acqua e con gli esperti della Federazione Italiana Nuoto ha permesso di raccogliere la loro importante esperienza e competenza all\u2019interno di TeamSystem Wellness Aquae: lo strumento progettato e realizzato per raggiungere i pi\u00f9 elevati livelli di prestazione, controllo e sicurezza nella gestione del piano vasca e delle attivit\u00e0 a corsi. E\u2019 quindi estremamente semplice per l\u2019operatore rispondere velocemente alle richieste dell\u2019utenza, individuando i corsi pieni, i corsi con liste d\u2019attesa, gli utenti con pagamenti da saldare, le associazioni corso\/livello\/istruttore e le situazioni non standard (ad esempio i corsi \u201cluned\u00ec-gioved\u00ec\u201d o solo luned\u00ec o solo gioved\u00ec).\n\n<\/div>\t\t\t\t<\/div>\n\t\t\t\t<\/div>\n\t\t\t\t\t<\/div>\n\t\t<\/div>\n\t\t\t\t<div class=\"elementor-column elementor-col-33 elementor-inner-column elementor-element elementor-element-48c7934e frostedglass elementor-invisible\" data-id=\"48c7934e\" data-element_type=\"column\" data-e-type=\"column\" data-settings=\"{&quot;background_background&quot;:&quot;classic&quot;,&quot;animation&quot;:&quot;fadeIn&quot;,&quot;background_motion_fx_motion_fx_mouse&quot;:&quot;yes&quot;,&quot;animation_delay&quot;:200}\">\n\t\t\t<div class=\"elementor-widget-wrap elementor-element-populated\">\n\t\t\t\t\t<div class=\"elementor-background-overlay\"><\/div>\n\t\t\t\t\t\t<div class=\"elementor-element elementor-element-6bfea942 elementor-widget elementor-widget-heading\" data-id=\"6bfea942\" data-element_type=\"widget\" data-e-type=\"widget\" data-widget_type=\"heading.default\">\n\t\t\t\t<div class=\"elementor-widget-container\">\n\t\t\t\t\t<h2 class=\"elementor-heading-title elementor-size-default\">Piscina Acqua Fitness<\/h2>\t\t\t\t<\/div>\n\t\t\t\t<\/div>\n\t\t\t\t<div class=\"elementor-element elementor-element-74292fa4 elementor-invisible elementor-widget elementor-widget-heading\" data-id=\"74292fa4\" data-element_type=\"widget\" data-e-type=\"widget\" data-settings=\"{&quot;_animation&quot;:&quot;fadeInUp&quot;,&quot;_animation_delay&quot;:200}\" data-widget_type=\"heading.default\">\n\t\t\t\t<div class=\"elementor-widget-container\">\n\t\t\t\t\t<div class=\"elementor-heading-title elementor-size-default\">Vuoi gestire le attivit\u00e0 di gruppo in modo semplice e completo? Con TeamSystem Wellness \u00e8 possibile gestire rapidamente tutte le problematiche legate alle attivit\u00e0 di gruppo in acqua, sia relative agli utenti (iscrizioni, liste di attesa, cancellazioni) sia alle risorse del centro (istruttori, attrezzi, ecc.). Gli utenti del centro possono inoltre accedere ad una serie di sistemi self-service di autoprenotazione, evitando inutili tempi di attesa e riducendo sensibilmente i costi del personale: si possono prenotare via Internet le lezioni e i servizi offerti, ed avere un\u2019elegante postazione self-service all\u2019interno del proprio centro dotata di touchscreen.\n\n<\/div>\t\t\t\t<\/div>\n\t\t\t\t<\/div>\n\t\t\t\t\t<\/div>\n\t\t<\/div>\n\t\t\t\t<div class=\"elementor-column elementor-col-33 elementor-inner-column elementor-element elementor-element-10b85902 frostedglass elementor-invisible\" data-id=\"10b85902\" data-element_type=\"column\" data-e-type=\"column\" data-settings=\"{&quot;background_background&quot;:&quot;classic&quot;,&quot;animation&quot;:&quot;fadeIn&quot;,&quot;background_motion_fx_motion_fx_mouse&quot;:&quot;yes&quot;,&quot;animation_delay&quot;:200}\">\n\t\t\t<div class=\"elementor-widget-wrap elementor-element-populated\">\n\t\t\t\t\t<div class=\"elementor-background-overlay\"><\/div>\n\t\t\t\t\t\t<div class=\"elementor-element elementor-element-d3d6369 elementor-widget elementor-widget-heading\" data-id=\"d3d6369\" data-element_type=\"widget\" data-e-type=\"widget\" data-widget_type=\"heading.default\">\n\t\t\t\t<div class=\"elementor-widget-container\">\n\t\t\t\t\t<h2 class=\"elementor-heading-title elementor-size-default\">Piscina Ludica<\/h2>\t\t\t\t<\/div>\n\t\t\t\t<\/div>\n\t\t\t\t<div class=\"elementor-element elementor-element-6afc4a97 elementor-invisible elementor-widget elementor-widget-heading\" data-id=\"6afc4a97\" data-element_type=\"widget\" data-e-type=\"widget\" data-settings=\"{&quot;_animation&quot;:&quot;fadeInUp&quot;,&quot;_animation_delay&quot;:200}\" data-widget_type=\"heading.default\">\n\t\t\t\t<div class=\"elementor-widget-container\">\n\t\t\t\t\t<div class=\"elementor-heading-title elementor-size-default\">TeamSystem Wellness Aquae \u00e8 la soluzione ideale per gestire le utenze occasionali\/giornaliere delle piscine ludiche e dei parchi acquatici, anche in presenza di grandi flussi di persone. Un innovativo sistema touch screen consente agli operatori di emettere biglietti anche di diverse tipologie, stampare ticket e gestire i pagamenti con pochissimi e veloci tocchi dello schermo, riducendo tempi di attesa e code alla reception. L\u2019usabilit\u00e0 agevolata di questo sistema consente al gestore di formare l\u2019operatore (ad es. stagionale) in pochissimo tempo, senza necessit\u00e0 di operare con il sistema gestionale principale.\n<\/div>\t\t\t\t<\/div>\n\t\t\t\t<\/div>\n\t\t\t\t\t<\/div>\n\t\t<\/div>\n\t\t\t\t\t<\/div>\n\t\t<\/section>\n\t\t\t\t<div class=\"elementor-element elementor-element-cd507bf elementor-widget elementor-widget-spacer\" data-id=\"cd507bf\" data-element_type=\"widget\" data-e-type=\"widget\" data-widget_type=\"spacer.default\">\n\t\t\t\t<div class=\"elementor-widget-container\">\n\t\t\t\t\t\t\t<div class=\"elementor-spacer\">\n\t\t\t<div class=\"elementor-spacer-inner\"><\/div>\n\t\t<\/div>\n\t\t\t\t\t\t<\/div>\n\t\t\t\t<\/div>\n\t\t\t\t\t<\/div>\n\t\t<\/div>\n\t\t\t\t\t<\/div>\n\t\t<\/section>\n\t\t\t\t<section class=\"elementor-section elementor-top-section elementor-element elementor-element-5e545516 elementor-section-boxed elementor-section-height-default elementor-section-height-default\" data-id=\"5e545516\" data-element_type=\"section\" data-e-type=\"section\" data-settings=\"{&quot;background_background&quot;:&quot;classic&quot;}\">\n\t\t\t\t\t\t\t<div class=\"elementor-background-overlay\"><\/div>\n\t\t\t\t\t\t\t<div class=\"elementor-container elementor-column-gap-default\">\n\t\t\t\t\t<div class=\"elementor-column elementor-col-100 elementor-top-column elementor-element elementor-element-4e11ec8a\" data-id=\"4e11ec8a\" data-element_type=\"column\" data-e-type=\"column\">\n\t\t\t<div class=\"elementor-widget-wrap elementor-element-populated\">\n\t\t\t\t\t\t<section class=\"elementor-section elementor-inner-section elementor-element elementor-element-287ae7fa elementor-section-boxed elementor-section-height-default elementor-section-height-default\" data-id=\"287ae7fa\" data-element_type=\"section\" data-e-type=\"section\">\n\t\t\t\t\t\t<div class=\"elementor-container elementor-column-gap-default\">\n\t\t\t\t\t<div class=\"elementor-column elementor-col-100 elementor-inner-column elementor-element elementor-element-148c5d5e elementor-invisible\" data-id=\"148c5d5e\" data-element_type=\"column\" data-e-type=\"column\" data-settings=\"{&quot;animation&quot;:&quot;fadeInUp&quot;}\">\n\t\t\t<div class=\"elementor-widget-wrap elementor-element-populated\">\n\t\t\t\t\t\t<div class=\"elementor-element elementor-element-1cac15fd elementor-widget elementor-widget-heading\" data-id=\"1cac15fd\" data-element_type=\"widget\" data-e-type=\"widget\" data-widget_type=\"heading.default\">\n\t\t\t\t<div class=\"elementor-widget-container\">\n\t\t\t\t\t<h6 class=\"elementor-heading-title elementor-size-default\">perch\u00e8 ts wellness aquae<\/h6>\t\t\t\t<\/div>\n\t\t\t\t<\/div>\n\t\t\t\t<div class=\"elementor-element elementor-element-10a8a3fa elementor-widget elementor-widget-heading\" data-id=\"10a8a3fa\" data-element_type=\"widget\" data-e-type=\"widget\" data-widget_type=\"heading.default\">\n\t\t\t\t<div class=\"elementor-widget-container\">\n\t\t\t\t\t<h2 class=\"elementor-heading-title elementor-size-default\">TeamSystem Wellness \u00e8 la soluzione gestionale pi\u00f9 scelta in Italia nel mercato del wellness.<\/h2>\t\t\t\t<\/div>\n\t\t\t\t<\/div>\n\t\t\t\t\t<\/div>\n\t\t<\/div>\n\t\t\t\t\t<\/div>\n\t\t<\/section>\n\t\t\t\t<section class=\"elementor-section elementor-inner-section elementor-element elementor-element-62e97cbe elementor-section-boxed elementor-section-height-default elementor-section-height-default\" data-id=\"62e97cbe\" data-element_type=\"section\" data-e-type=\"section\">\n\t\t\t\t\t\t<div class=\"elementor-container elementor-column-gap-default\">\n\t\t\t\t\t<div class=\"elementor-column elementor-col-100 elementor-inner-column elementor-element elementor-element-18cc58b2 elementor-invisible\" data-id=\"18cc58b2\" data-element_type=\"column\" data-e-type=\"column\" data-settings=\"{&quot;background_background&quot;:&quot;gradient&quot;,&quot;animation&quot;:&quot;fadeInUp&quot;,&quot;animation_delay&quot;:200}\">\n\t\t\t<div class=\"elementor-widget-wrap elementor-element-populated\">\n\t\t\t\t\t\t<div class=\"elementor-element elementor-element-4baaa7a0 elementor-widget elementor-widget-icon-box\" data-id=\"4baaa7a0\" data-element_type=\"widget\" data-e-type=\"widget\" data-widget_type=\"icon-box.default\">\n\t\t\t\t<div class=\"elementor-widget-container\">\n\t\t\t\t\t\t\t<div class=\"elementor-icon-box-wrapper\">\n\n\t\t\t\n\t\t\t\t\t\t<div class=\"elementor-icon-box-content\">\n\n\t\t\t\t\n\t\t\t\t\t\t\t\t\t<p class=\"elementor-icon-box-description\">\n\t\t\t\t\t\tLa soluzione onpremise TeamSystem Wellness Aquae ti permette di accedere alle potenzialit\u00e0 del team di sviluppo software della di TeamSystem specializzato nel tuo settore. Con noi potrai dialogare per poter rispondere alle tue richieste e semplificare anche processi molto complessi, il tutto con la semplicit\u00e0 di un dialogo in italiano.\n\t\t\t\t\t<\/p>\n\t\t\t\t\n\t\t\t<\/div>\n\t\t\t\n\t\t<\/div>\n\t\t\t\t\t\t<\/div>\n\t\t\t\t<\/div>\n\t\t\t\t<div class=\"elementor-element elementor-element-375fa74 elementor-widget elementor-widget-text-editor\" data-id=\"375fa74\" data-element_type=\"widget\" data-e-type=\"widget\" data-widget_type=\"text-editor.default\">\n\t\t\t\t<div class=\"elementor-widget-container\">\n\t\t\t\t\t\t\t\t\t<ul><li>Supporto alle attivit\u00e0 di tele marketing e recall con funzioni integrate di VOIP<\/li><li>Generazione automatica delle attivit\u00e0 da svolgere<\/li><li>Notifiche automatiche via mail per consulenti e direzione<\/li><li>Gestione del cliente completa grazie al modulo CRM<\/li><li>Facile creazione di ricerche incrociate<\/li><li>Generazione automatica di sms, email, report in excel, stampe<\/li><li>Statistiche, reportistiche ed analisi dati<\/li><li>Pianificazione invio di comunicazioni ed avvisi<\/li><li>Sistemi di loyalty per raccolta punti premio<\/li><li>Anagrafica dettagliata con campi personalizzabili<\/li><li>Categorie, certificati, tesseramenti<\/li><li>Servizi a periodo, a gettone, a scalare<\/li><li>Listino dinamico<\/li><li>Liste, elenchi, scadenziari<\/li><li>Gestione del cliente completa grazie al modulo CRM<\/li><li>Integrazione completa con EvolutionFit<\/li><li>Integrazione completa con Wellness System e MyWellness Cloud di Technogym<\/li><\/ul>\t\t\t\t\t\t\t\t<\/div>\n\t\t\t\t<\/div>\n\t\t\t\t\t<\/div>\n\t\t<\/div>\n\t\t\t\t\t<\/div>\n\t\t<\/section>\n\t\t\t\t\t<\/div>\n\t\t<\/div>\n\t\t\t\t\t<\/div>\n\t\t<\/section>\n\t\t\t\t<section class=\"elementor-section elementor-top-section elementor-element elementor-element-495a7664 elementor-section-boxed elementor-section-height-default elementor-section-height-default\" data-id=\"495a7664\" data-element_type=\"section\" data-e-type=\"section\">\n\t\t\t\t\t\t<div class=\"elementor-container elementor-column-gap-default\">\n\t\t\t\t\t<div class=\"elementor-column elementor-col-100 elementor-top-column elementor-element elementor-element-4872e43b\" data-id=\"4872e43b\" data-element_type=\"column\" data-e-type=\"column\">\n\t\t\t<div class=\"elementor-widget-wrap elementor-element-populated\">\n\t\t\t\t\t\t<section class=\"elementor-section elementor-inner-section elementor-element elementor-element-2b31f2bc elementor-section-content-middle elementor-section-boxed elementor-section-height-default elementor-section-height-default\" data-id=\"2b31f2bc\" data-element_type=\"section\" data-e-type=\"section\" data-settings=\"{&quot;background_background&quot;:&quot;classic&quot;}\">\n\t\t\t\t\t\t\t<div class=\"elementor-background-overlay\"><\/div>\n\t\t\t\t\t\t\t<div class=\"elementor-container elementor-column-gap-default\">\n\t\t\t\t\t<div class=\"elementor-column elementor-col-50 elementor-inner-column elementor-element elementor-element-663a1ffc\" data-id=\"663a1ffc\" data-element_type=\"column\" data-e-type=\"column\">\n\t\t\t<div class=\"elementor-widget-wrap elementor-element-populated\">\n\t\t\t\t\t\t<div class=\"elementor-element elementor-element-475adb98 elementor-widget elementor-widget-heading\" data-id=\"475adb98\" data-element_type=\"widget\" data-e-type=\"widget\" data-widget_type=\"heading.default\">\n\t\t\t\t<div class=\"elementor-widget-container\">\n\t\t\t\t\t<div class=\"elementor-heading-title elementor-size-default\">Al tuo servizio per accompagnarti nella crescita digitale. <\/div>\t\t\t\t<\/div>\n\t\t\t\t<\/div>\n\t\t\t\t<div class=\"elementor-element elementor-element-20eab0b0 elementor-widget elementor-widget-text-editor\" data-id=\"20eab0b0\" data-element_type=\"widget\" data-e-type=\"widget\" data-widget_type=\"text-editor.default\">\n\t\t\t\t<div class=\"elementor-widget-container\">\n\t\t\t\t\t\t\t\t\t<p>Lorem ipsum dolor sit amet, consectetur adipiscing elit. Ut elit tellus, luctus nec ullamcorper mattis, pulvinar dapibus leo.<\/p>\t\t\t\t\t\t\t\t<\/div>\n\t\t\t\t<\/div>\n\t\t\t\t<div class=\"elementor-element elementor-element-7316284a elementor-align-left elementor-mobile-align-center elementor-widget elementor-widget-button\" data-id=\"7316284a\" data-element_type=\"widget\" data-e-type=\"widget\" data-widget_type=\"button.default\">\n\t\t\t\t<div class=\"elementor-widget-container\">\n\t\t\t\t\t\t\t\t\t<div class=\"elementor-button-wrapper\">\n\t\t\t\t\t<a class=\"elementor-button elementor-button-link elementor-size-md\" href=\"https:\/\/fnenterprise.it\/index.php\/contatti\/\">\n\t\t\t\t\t\t<span class=\"elementor-button-content-wrapper\">\n\t\t\t\t\t\t\t\t\t<span class=\"elementor-button-text\">Contattaci<\/span>\n\t\t\t\t\t<\/span>\n\t\t\t\t\t<\/a>\n\t\t\t\t<\/div>\n\t\t\t\t\t\t\t\t<\/div>\n\t\t\t\t<\/div>\n\t\t\t\t\t<\/div>\n\t\t<\/div>\n\t\t\t\t<div class=\"elementor-column elementor-col-50 elementor-inner-column elementor-element elementor-element-4425054c\" data-id=\"4425054c\" data-element_type=\"column\" data-e-type=\"column\">\n\t\t\t<div class=\"elementor-widget-wrap elementor-element-populated\">\n\t\t\t\t\t\t<div class=\"elementor-element elementor-element-38347e78 elementor-widget elementor-widget-image\" data-id=\"38347e78\" data-element_type=\"widget\" data-e-type=\"widget\" data-widget_type=\"image.default\">\n\t\t\t\t<div class=\"elementor-widget-container\">\n\t\t\t\t\t\t\t\t\t\t\t\t\t\t\t<img decoding=\"async\" width=\"600\" height=\"600\" src=\"https:\/\/fnenterprise.it\/wp-content\/uploads\/2023\/10\/img_team.png\" class=\"attachment-full size-full wp-image-46\" alt=\"\" srcset=\"https:\/\/fnenterprise.it\/wp-content\/uploads\/2023\/10\/img_team.png 600w, https:\/\/fnenterprise.it\/wp-content\/uploads\/2023\/10\/img_team-300x300.png 300w, https:\/\/fnenterprise.it\/wp-content\/uploads\/2023\/10\/img_team-150x150.png 150w\" sizes=\"(max-width: 600px) 100vw, 600px\" \/>\t\t\t\t\t\t\t\t\t\t\t\t\t\t\t<\/div>\n\t\t\t\t<\/div>\n\t\t\t\t\t<\/div>\n\t\t<\/div>\n\t\t\t\t\t<\/div>\n\t\t<\/section>\n\t\t\t\t\t<\/div>\n\t\t<\/div>\n\t\t\t\t\t<\/div>\n\t\t<\/section>\n\t\t\t\t<\/div>\n\t\t","protected":false},"excerpt":{"rendered":"<p>Soluzioni digitali Wellness Aquae: il gestionale per piscine e impianti natatori Aquae \u00e8 la soluzione appositamente sviluppata per le piscine che ti permette di organizzare i corsi di un piano vasca rispondendo a tutte le problematiche tipiche di una scuola nuoto. soluzione per professionisti La soluzione di riferimento per il mercato nazionale delle aziende sportive, [&hellip;]<\/p>\n","protected":false},"author":1,"featured_media":0,"parent":0,"menu_order":0,"comment_status":"closed","ping_status":"closed","template":"","meta":{"footnotes":""},"class_list":["post-1466","page","type-page","status-publish","hentry"],"_links":{"self":[{"href":"https:\/\/fnenterprise.it\/index.php\/wp-json\/wp\/v2\/pages\/1466","targetHints":{"allow":["GET"]}}],"collection":[{"href":"https:\/\/fnenterprise.it\/index.php\/wp-json\/wp\/v2\/pages"}],"about":[{"href":"https:\/\/fnenterprise.it\/index.php\/wp-json\/wp\/v2\/types\/page"}],"author":[{"embeddable":true,"href":"https:\/\/fnenterprise.it\/index.php\/wp-json\/wp\/v2\/users\/1"}],"replies":[{"embeddable":true,"href":"https:\/\/fnenterprise.it\/index.php\/wp-json\/wp\/v2\/comments?post=1466"}],"version-history":[{"count":34,"href":"https:\/\/fnenterprise.it\/index.php\/wp-json\/wp\/v2\/pages\/1466\/revisions"}],"predecessor-version":[{"id":1501,"href":"https:\/\/fnenterprise.it\/index.php\/wp-json\/wp\/v2\/pages\/1466\/revisions\/1501"}],"wp:attachment":[{"href":"https:\/\/fnenterprise.it\/index.php\/wp-json\/wp\/v2\/media?parent=1466"}],"curies":[{"name":"wp","href":"https:\/\/api.w.org\/{rel}","templated":true}]}}